{"id":15537,"date":"2014-01-23T12:15:17","date_gmt":"2014-01-23T12:15:17","guid":{"rendered":"https:\/\/demosite10.dominimarketing01.it\/alentours\/itineraire-6\/"},"modified":"2025-06-19T08:03:23","modified_gmt":"2025-06-19T08:03:23","slug":"itineraire-6","status":"publish","type":"page","link":"https:\/\/demosite10.dominimarketing01.it\/fr\/alentours\/itineraire-6\/","title":{"rendered":"Itin\u00e9raire 6"},"content":{"rendered":"\t\t<div data-elementor-type=\"wp-page\" data-elementor-id=\"15537\" class=\"elementor elementor-15537 elementor-1772\" data-elementor-post-type=\"page\">\n\t\t\t\t<div class=\"elementor-element elementor-element-b39bd3a e-con-full e-flex e-con e-parent\" data-id=\"b39bd3a\" data-element_type=\"container\" data-settings=\"{&quot;background_background&quot;:&quot;classic&quot;}\">\n\t\t\t\t<div class=\"elementor-element elementor-element-f9bc272 elementor-widget elementor-widget-heading\" data-id=\"f9bc272\" data-element_type=\"widget\" data-widget_type=\"heading.default\">\n\t\t\t\t<div class=\"elementor-widget-container\">\n\t\t\t\t\t<h1 class=\"elementor-heading-title elementor-size-default\">LIEUX \u00c1 VISITER<\/h1>\t\t\t\t<\/div>\n\t\t\t\t<\/div>\n\t\t\t\t<div class=\"elementor-element elementor-element-4c55220 elementor-widget elementor-widget-text-editor\" data-id=\"4c55220\" data-element_type=\"widget\" data-widget_type=\"text-editor.default\">\n\t\t\t\t<div class=\"elementor-widget-container\">\n\t\t\t\t\t\t\t\t\t<p>Itin\u00e9raire 6<\/p>\t\t\t\t\t\t\t\t<\/div>\n\t\t\t\t<\/div>\n\t\t\t\t<\/div>\n\t\t<div class=\"elementor-element elementor-element-dda8255 e-con-full e-flex e-con e-parent\" data-id=\"dda8255\" data-element_type=\"container\" data-settings=\"{&quot;background_background&quot;:&quot;classic&quot;}\">\n\t\t<div class=\"elementor-element elementor-element-3a0388b e-flex e-con-boxed e-con e-child\" data-id=\"3a0388b\" data-element_type=\"container\">\n\t\t\t\t\t<div class=\"e-con-inner\">\n\t\t\t\t<div class=\"elementor-element elementor-element-4dafcb5 elementor-widget elementor-widget-heading\" data-id=\"4dafcb5\" data-element_type=\"widget\" data-widget_type=\"heading.default\">\n\t\t\t\t<div class=\"elementor-widget-container\">\n\t\t\t\t\t<h2 class=\"elementor-heading-title elementor-size-default\">Agriturismo Cornieto \u2013 Oasis d'Alviano \u2013 Lac Corbara \u2013 Todi \u2013 Agriturismo Cornieto (environ 140 km)<\/h2>\t\t\t\t<\/div>\n\t\t\t\t<\/div>\n\t\t\t\t\t<\/div>\n\t\t\t\t<\/div>\n\t\t<div class=\"elementor-element elementor-element-31d7868 e-flex e-con-boxed e-con e-child\" data-id=\"31d7868\" data-element_type=\"container\">\n\t\t\t\t\t<div class=\"e-con-inner\">\n\t\t<div class=\"elementor-element elementor-element-15be12d e-con-full e-flex e-con e-child\" data-id=\"15be12d\" data-element_type=\"container\" data-settings=\"{&quot;background_background&quot;:&quot;classic&quot;}\">\n\t\t\t\t<div class=\"elementor-element elementor-element-29b7401 elementor-widget elementor-widget-spacer\" data-id=\"29b7401\" data-element_type=\"widget\" data-widget_type=\"spacer.default\">\n\t\t\t\t<div class=\"elementor-widget-container\">\n\t\t\t\t\t\t\t<div class=\"elementor-spacer\">\n\t\t\t<div class=\"elementor-spacer-inner\"><\/div>\n\t\t<\/div>\n\t\t\t\t\t\t<\/div>\n\t\t\t\t<\/div>\n\t\t\t\t<\/div>\n\t\t<div class=\"elementor-element elementor-element-26baf23 e-con-full e-flex e-con e-child\" data-id=\"26baf23\" data-element_type=\"container\">\n\t\t\t\t<div class=\"elementor-element elementor-element-8a24fb0 elementor-widget elementor-widget-text-editor\" data-id=\"8a24fb0\" data-element_type=\"widget\" data-widget_type=\"text-editor.default\">\n\t\t\t\t<div class=\"elementor-widget-container\">\n\t\t\t\t\t\t\t\t\t<p>\u00c0 la sortie de la ferme Cornieto, d\u00e8s que vous atteignez la route nationale, tournez \u00e0 gauche en direction de Fabro Scalo. Une fois arriv\u00e9 au p\u00e9age, prenez l&rsquo;A1 en direction du sud. Sortez ensuite au p\u00e9age d&rsquo;Orvieto (23 km). Fabro tournez \u00e0 gauche en direction de Baschi, puis suivez les indications pour Alviano Scalo. Dans cette zone, le Tibre cr\u00e9e une succession infinie de marais et de mar\u00e9cages, et un r\u00e9seau de sentiers et d&rsquo;observatoires a \u00e9t\u00e9 cr\u00e9\u00e9 depuis longtemps pour les naturalistes et les amateurs d&rsquo;ornithologie. L&rsquo;oasis est une destination pris\u00e9e des voyages scolaires pour sa valeur p\u00e9dagogique et son \u00e9ducation au respect de l&rsquo;environnement tout au long de l&rsquo;ann\u00e9e, notamment au printemps. En revenant et en passant Baschi, tournez \u00e0 droite en suivant les indications pour Todi. Apr\u00e8s quelques kilom\u00e8tres, vous apercevrez sur votre gauche un imposant barrage sur le Tibre : le barrage de Corbara, construit pour produire de l&rsquo;\u00e9lectricit\u00e9. La route nationale longe le bassin lacustre sur plusieurs kilom\u00e8tres, \u00e0 l&rsquo;int\u00e9rieur d&rsquo;une gorge de roches calcaires aux parois surplombant le lac, dans un cadre de grand impact \u00e9motionnel.      <\/p>\t\t\t\t\t\t\t\t<\/div>\n\t\t\t\t<\/div>\n\t\t\t\t<\/div>\n\t\t\t\t\t<\/div>\n\t\t\t\t<\/div>\n\t\t<div class=\"elementor-element elementor-element-cb2ce4c e-flex e-con-boxed e-con e-child\" data-id=\"cb2ce4c\" data-element_type=\"container\">\n\t\t\t\t\t<div class=\"e-con-inner\">\n\t\t<div class=\"elementor-element elementor-element-53678a2 e-con-full e-flex e-con e-child\" data-id=\"53678a2\" data-element_type=\"container\">\n\t\t\t\t<div class=\"elementor-element elementor-element-6c48ebe elementor-widget elementor-widget-text-editor\" data-id=\"6c48ebe\" data-element_type=\"widget\" data-widget_type=\"text-editor.default\">\n\t\t\t\t<div class=\"elementor-widget-container\">\n\t\t\t\t\t\t\t\t\t<p>En continuant sur la m\u00eame route pendant quelques kilom\u00e8tres, vous arriverez \u00e0 Todi. La ville, berceau du franciscain Jacopone, est l&rsquo;un des centres m\u00e9di\u00e9vaux les plus solennels et les plus intacts d&rsquo;Italie. Ses origines antiques fusionnent des \u00e9l\u00e9ments ombriens et \u00e9trusques. Au IIIe si\u00e8cle avant J.-C., la ville fut conquise par les Romains et, apr\u00e8s le d\u00e9clin de leur empire et le fl\u00e9au des invasions barbares, elle devint une commune libre, traversant une p\u00e9riode de grande prosp\u00e9rit\u00e9 \u00e9conomique. Le c\u0153ur de Todi est la Piazza del Popolo, l&rsquo;une des places m\u00e9di\u00e9vales les plus importantes d&rsquo;Italie. Les trois plus grands \u00e9difices publics sont le Palazzo dei Priori, le Palazzo del Popolo (et celui du Podest\u00e0) et le Palazzo del Capitano. La cath\u00e9drale, dont la construction d\u00e9buta en 1100, fut remani\u00e9e au fil du temps et est pr\u00e9c\u00e9d\u00e9e d&rsquo;un majestueux escalier. L&rsquo;\u00e9glise de San Fortunato, commenc\u00e9e en 1292 et achev\u00e9e au XVe si\u00e8cle, abrite une fresque de Masolino da Panicale et le tombeau de Jacopone dans la crypte. \u00c0 l&rsquo;ext\u00e9rieur du p\u00e9rim\u00e8tre fortifi\u00e9 se trouve Santa Maria della Consolazione, qui semble \u00eatre l&rsquo;\u0153uvre de Bramante. C&rsquo;est un \u00e9difice fondamental de la Renaissance italienne.       <\/p>\t\t\t\t\t\t\t\t<\/div>\n\t\t\t\t<\/div>\n\t\t\t\t<\/div>\n\t\t<div class=\"elementor-element elementor-element-9dcd0f4 e-con-full e-flex e-con e-child\" data-id=\"9dcd0f4\" data-element_type=\"container\" data-settings=\"{&quot;background_background&quot;:&quot;classic&quot;}\">\n\t\t\t\t<div class=\"elementor-element elementor-element-3586178 elementor-widget elementor-widget-spacer\" data-id=\"3586178\" data-element_type=\"widget\" data-widget_type=\"spacer.default\">\n\t\t\t\t<div class=\"elementor-widget-container\">\n\t\t\t\t\t\t\t<div class=\"elementor-spacer\">\n\t\t\t<div class=\"elementor-spacer-inner\"><\/div>\n\t\t<\/div>\n\t\t\t\t\t\t<\/div>\n\t\t\t\t<\/div>\n\t\t\t\t<\/div>\n\t\t\t\t\t<\/div>\n\t\t\t\t<\/div>\n\t\t<div class=\"elementor-element elementor-element-706781f e-flex e-con-boxed e-con e-child\" data-id=\"706781f\" data-element_type=\"container\">\n\t\t\t\t\t<div class=\"e-con-inner\">\n\t\t<div class=\"elementor-element elementor-element-141cbac e-con-full e-flex e-con e-child\" data-id=\"141cbac\" data-element_type=\"container\">\n\t\t\t\t<div class=\"elementor-element elementor-element-00dfcac elementor-widget elementor-widget-text-editor\" data-id=\"00dfcac\" data-element_type=\"widget\" data-widget_type=\"text-editor.default\">\n\t\t\t\t<div class=\"elementor-widget-container\">\n\t\t\t\t\t\t\t\t\t<p>Pour rentrer chez vous, vous devrez rejoindre le p\u00e9age autoroutier d&rsquo;Orvieto Scalo (d&rsquo;o\u00f9 nous venons), ou, depuis Todi, prendre les panneaux indiquant Prodo et visiter le petit village tr\u00e8s caract\u00e9ristique de Titignano, puis continuer jusqu&rsquo;\u00e0 Orvieto Scalo. De l\u00e0, prendre l&rsquo;autoroute A1 vers le nord en direction de Fabro Scalo, puis vers Monteleone d&rsquo;Orvieto et retourner \u00e0 la ferme Cornieto. <\/p>\t\t\t\t\t\t\t\t<\/div>\n\t\t\t\t<\/div>\n\t\t\t\t<\/div>\n\t\t\t\t\t<\/div>\n\t\t\t\t<\/div>\n\t\t\t\t<\/div>\n\t\t\t\t<\/div>\n\t\t","protected":false},"excerpt":{"rendered":"<p>LIEUX \u00c1 VISITER Itin\u00e9raire 6 Agriturismo Cornieto \u2013 Oasis d&rsquo;Alviano \u2013 Lac Corbara \u2013 Todi \u2013 Agriturismo Cornieto (environ 140 km) \u00c0 la sortie de la ferme Cornieto, d\u00e8s que vous atteignez la route nationale, tournez \u00e0 gauche en direction de Fabro Scalo. Une fois arriv\u00e9 au p\u00e9age, prenez l&rsquo;A1 en direction du sud. Sortez [&hellip;]<\/p>\n","protected":false},"author":1,"featured_media":0,"parent":15520,"menu_order":0,"comment_status":"closed","ping_status":"closed","template":"","meta":{"_acf_changed":false,"_joinchat":[],"footnotes":""},"class_list":["post-15537","page","type-page","status-publish","hentry"],"acf":[],"yoast_head":"<!-- This site is optimized with the Yoast SEO plugin v25.3.1 - https:\/\/yoast.com\/wordpress\/plugins\/seo\/ -->\n<title>Itin\u00e9raire 6 - Agriturismo Biologico Cornieto<\/title>\n<meta name=\"description\" content=\"Agriturismo &quot;Cornieto&quot;: un&#039;oasi di quiete, silenzio e relax, immersa nelle campagne di Monteleone d&#039;Orvieto, un&#039;intera collina tra l&#039;Umbria e la Toscana.\" \/>\n<meta name=\"robots\" content=\"index, follow, max-snippet:-1, max-image-preview:large, max-video-preview:-1\" \/>\n<link rel=\"canonical\" href=\"https:\/\/demosite10.dominimarketing01.it\/dintorni\/itinerario-6\/\" \/>\n<meta property=\"og:locale\" content=\"fr_FR\" \/>\n<meta property=\"og:type\" content=\"article\" \/>\n<meta property=\"og:title\" content=\"Itin\u00e9raire 6 - Agriturismo Biologico Cornieto\" \/>\n<meta property=\"og:description\" content=\"Agriturismo &quot;Cornieto&quot;: un&#039;oasi di quiete, silenzio e relax, immersa nelle campagne di Monteleone d&#039;Orvieto, un&#039;intera collina tra l&#039;Umbria e la Toscana.\" \/>\n<meta property=\"og:url\" content=\"https:\/\/demosite10.dominimarketing01.it\/dintorni\/itinerario-6\/\" \/>\n<meta property=\"og:site_name\" content=\"Agriturismo Biologico Cornieto\" \/>\n<meta property=\"article:modified_time\" content=\"2025-06-19T08:03:23+00:00\" \/>\n<meta name=\"twitter:card\" content=\"summary_large_image\" \/>\n<meta name=\"twitter:label1\" content=\"Dur\u00e9e de lecture estim\u00e9e\" \/>\n\t<meta name=\"twitter:data1\" content=\"2 minutes\" \/>\n<script type=\"application\/ld+json\" class=\"yoast-schema-graph\">{\"@context\":\"https:\/\/schema.org\",\"@graph\":[{\"@type\":\"WebPage\",\"@id\":\"https:\/\/demosite10.dominimarketing01.it\/dintorni\/itinerario-6\/\",\"url\":\"https:\/\/demosite10.dominimarketing01.it\/dintorni\/itinerario-6\/\",\"name\":\"Itin\u00e9raire 6 - Agriturismo Biologico Cornieto\",\"isPartOf\":{\"@id\":\"https:\/\/demosite10.dominimarketing01.it\/#website\"},\"datePublished\":\"2014-01-23T12:15:17+00:00\",\"dateModified\":\"2025-06-19T08:03:23+00:00\",\"description\":\"Agriturismo \\\"Cornieto\\\": un'oasi di quiete, silenzio e relax, immersa nelle campagne di Monteleone d'Orvieto, un'intera collina tra l'Umbria e la Toscana.\",\"breadcrumb\":{\"@id\":\"https:\/\/demosite10.dominimarketing01.it\/dintorni\/itinerario-6\/#breadcrumb\"},\"inLanguage\":\"fr-FR\",\"potentialAction\":[{\"@type\":\"ReadAction\",\"target\":[\"https:\/\/demosite10.dominimarketing01.it\/dintorni\/itinerario-6\/\"]}]},{\"@type\":\"BreadcrumbList\",\"@id\":\"https:\/\/demosite10.dominimarketing01.it\/dintorni\/itinerario-6\/#breadcrumb\",\"itemListElement\":[{\"@type\":\"ListItem\",\"position\":1,\"name\":\"Home\",\"item\":\"https:\/\/demosite10.dominimarketing01.it\/\"},{\"@type\":\"ListItem\",\"position\":2,\"name\":\"ALENTOURS\",\"item\":\"https:\/\/demosite10.dominimarketing01.it\/dintorni\/\"},{\"@type\":\"ListItem\",\"position\":3,\"name\":\"Itin\u00e9raire 6\"}]},{\"@type\":\"WebSite\",\"@id\":\"https:\/\/demosite10.dominimarketing01.it\/#website\",\"url\":\"https:\/\/demosite10.dominimarketing01.it\/\",\"name\":\"Agriturismo Biologico Cornieto\",\"description\":\"Agriturismo a Orvieto\",\"publisher\":{\"@id\":\"https:\/\/demosite10.dominimarketing01.it\/#organization\"},\"potentialAction\":[{\"@type\":\"SearchAction\",\"target\":{\"@type\":\"EntryPoint\",\"urlTemplate\":\"https:\/\/demosite10.dominimarketing01.it\/?s={search_term_string}\"},\"query-input\":{\"@type\":\"PropertyValueSpecification\",\"valueRequired\":true,\"valueName\":\"search_term_string\"}}],\"inLanguage\":\"fr-FR\"},{\"@type\":\"Organization\",\"@id\":\"https:\/\/demosite10.dominimarketing01.it\/#organization\",\"name\":\"Agriturismo Biologico Cornieto\",\"url\":\"https:\/\/demosite10.dominimarketing01.it\/\",\"logo\":{\"@type\":\"ImageObject\",\"inLanguage\":\"fr-FR\",\"@id\":\"https:\/\/demosite10.dominimarketing01.it\/#\/schema\/logo\/image\/\",\"url\":\"https:\/\/demosite10.dominimarketing01.it\/wp-content\/uploads\/2025\/03\/logocornietobianco-2.png\",\"contentUrl\":\"https:\/\/demosite10.dominimarketing01.it\/wp-content\/uploads\/2025\/03\/logocornietobianco-2.png\",\"width\":1411,\"height\":496,\"caption\":\"Agriturismo Biologico Cornieto\"},\"image\":{\"@id\":\"https:\/\/demosite10.dominimarketing01.it\/#\/schema\/logo\/image\/\"}}]}<\/script>\n<!-- \/ Yoast SEO plugin. -->","yoast_head_json":{"title":"Itin\u00e9raire 6 - Agriturismo Biologico Cornieto","description":"Agriturismo \"Cornieto\": un'oasi di quiete, silenzio e relax, immersa nelle campagne di Monteleone d'Orvieto, un'intera collina tra l'Umbria e la Toscana.","robots":{"index":"index","follow":"follow","max-snippet":"max-snippet:-1","max-image-preview":"max-image-preview:large","max-video-preview":"max-video-preview:-1"},"canonical":"https:\/\/demosite10.dominimarketing01.it\/dintorni\/itinerario-6\/","og_locale":"fr_FR","og_type":"article","og_title":"Itin\u00e9raire 6 - Agriturismo Biologico Cornieto","og_description":"Agriturismo \"Cornieto\": un'oasi di quiete, silenzio e relax, immersa nelle campagne di Monteleone d'Orvieto, un'intera collina tra l'Umbria e la Toscana.","og_url":"https:\/\/demosite10.dominimarketing01.it\/dintorni\/itinerario-6\/","og_site_name":"Agriturismo Biologico Cornieto","article_modified_time":"2025-06-19T08:03:23+00:00","twitter_card":"summary_large_image","twitter_misc":{"Dur\u00e9e de lecture estim\u00e9e":"2 minutes"},"schema":{"@context":"https:\/\/schema.org","@graph":[{"@type":"WebPage","@id":"https:\/\/demosite10.dominimarketing01.it\/dintorni\/itinerario-6\/","url":"https:\/\/demosite10.dominimarketing01.it\/dintorni\/itinerario-6\/","name":"Itin\u00e9raire 6 - Agriturismo Biologico Cornieto","isPartOf":{"@id":"https:\/\/demosite10.dominimarketing01.it\/#website"},"datePublished":"2014-01-23T12:15:17+00:00","dateModified":"2025-06-19T08:03:23+00:00","description":"Agriturismo \"Cornieto\": un'oasi di quiete, silenzio e relax, immersa nelle campagne di Monteleone d'Orvieto, un'intera collina tra l'Umbria e la Toscana.","breadcrumb":{"@id":"https:\/\/demosite10.dominimarketing01.it\/dintorni\/itinerario-6\/#breadcrumb"},"inLanguage":"fr-FR","potentialAction":[{"@type":"ReadAction","target":["https:\/\/demosite10.dominimarketing01.it\/dintorni\/itinerario-6\/"]}]},{"@type":"BreadcrumbList","@id":"https:\/\/demosite10.dominimarketing01.it\/dintorni\/itinerario-6\/#breadcrumb","itemListElement":[{"@type":"ListItem","position":1,"name":"Home","item":"https:\/\/demosite10.dominimarketing01.it\/"},{"@type":"ListItem","position":2,"name":"ALENTOURS","item":"https:\/\/demosite10.dominimarketing01.it\/dintorni\/"},{"@type":"ListItem","position":3,"name":"Itin\u00e9raire 6"}]},{"@type":"WebSite","@id":"https:\/\/demosite10.dominimarketing01.it\/#website","url":"https:\/\/demosite10.dominimarketing01.it\/","name":"Agriturismo Biologico Cornieto","description":"Agriturismo a Orvieto","publisher":{"@id":"https:\/\/demosite10.dominimarketing01.it\/#organization"},"potentialAction":[{"@type":"SearchAction","target":{"@type":"EntryPoint","urlTemplate":"https:\/\/demosite10.dominimarketing01.it\/?s={search_term_string}"},"query-input":{"@type":"PropertyValueSpecification","valueRequired":true,"valueName":"search_term_string"}}],"inLanguage":"fr-FR"},{"@type":"Organization","@id":"https:\/\/demosite10.dominimarketing01.it\/#organization","name":"Agriturismo Biologico Cornieto","url":"https:\/\/demosite10.dominimarketing01.it\/","logo":{"@type":"ImageObject","inLanguage":"fr-FR","@id":"https:\/\/demosite10.dominimarketing01.it\/#\/schema\/logo\/image\/","url":"https:\/\/demosite10.dominimarketing01.it\/wp-content\/uploads\/2025\/03\/logocornietobianco-2.png","contentUrl":"https:\/\/demosite10.dominimarketing01.it\/wp-content\/uploads\/2025\/03\/logocornietobianco-2.png","width":1411,"height":496,"caption":"Agriturismo Biologico Cornieto"},"image":{"@id":"https:\/\/demosite10.dominimarketing01.it\/#\/schema\/logo\/image\/"}}]}},"_links":{"self":[{"href":"https:\/\/demosite10.dominimarketing01.it\/fr\/wp-json\/wp\/v2\/pages\/15537","targetHints":{"allow":["GET"]}}],"collection":[{"href":"https:\/\/demosite10.dominimarketing01.it\/fr\/wp-json\/wp\/v2\/pages"}],"about":[{"href":"https:\/\/demosite10.dominimarketing01.it\/fr\/wp-json\/wp\/v2\/types\/page"}],"author":[{"embeddable":true,"href":"https:\/\/demosite10.dominimarketing01.it\/fr\/wp-json\/wp\/v2\/users\/1"}],"replies":[{"embeddable":true,"href":"https:\/\/demosite10.dominimarketing01.it\/fr\/wp-json\/wp\/v2\/comments?post=15537"}],"version-history":[{"count":1,"href":"https:\/\/demosite10.dominimarketing01.it\/fr\/wp-json\/wp\/v2\/pages\/15537\/revisions"}],"predecessor-version":[{"id":15538,"href":"https:\/\/demosite10.dominimarketing01.it\/fr\/wp-json\/wp\/v2\/pages\/15537\/revisions\/15538"}],"up":[{"embeddable":true,"href":"https:\/\/demosite10.dominimarketing01.it\/fr\/wp-json\/wp\/v2\/pages\/15520"}],"wp:attachment":[{"href":"https:\/\/demosite10.dominimarketing01.it\/fr\/wp-json\/wp\/v2\/media?parent=15537"}],"curies":[{"name":"wp","href":"https:\/\/api.w.org\/{rel}","templated":true}]}}