{"id":15533,"date":"2014-01-23T12:13:55","date_gmt":"2014-01-23T12:13:55","guid":{"rendered":"https:\/\/demosite10.dominimarketing01.it\/alentours\/itineraire-5\/"},"modified":"2025-06-19T07:59:19","modified_gmt":"2025-06-19T07:59:19","slug":"itineraire-5","status":"publish","type":"page","link":"https:\/\/demosite10.dominimarketing01.it\/fr\/alentours\/itineraire-5\/","title":{"rendered":"Itin\u00e9raire 5"},"content":{"rendered":"\t\t<div data-elementor-type=\"wp-page\" data-elementor-id=\"15533\" class=\"elementor elementor-15533 elementor-1770\" data-elementor-post-type=\"page\">\n\t\t\t\t<div class=\"elementor-element elementor-element-a50df37 e-con-full e-flex e-con e-parent\" data-id=\"a50df37\" data-element_type=\"container\" data-settings=\"{&quot;background_background&quot;:&quot;classic&quot;}\">\n\t\t\t\t<div class=\"elementor-element elementor-element-dc06334 elementor-widget elementor-widget-heading\" data-id=\"dc06334\" data-element_type=\"widget\" data-widget_type=\"heading.default\">\n\t\t\t\t<div class=\"elementor-widget-container\">\n\t\t\t\t\t<h1 class=\"elementor-heading-title elementor-size-default\">LIEUX \u00c1 VISITER<\/h1>\t\t\t\t<\/div>\n\t\t\t\t<\/div>\n\t\t\t\t<div class=\"elementor-element elementor-element-f1e3e11 elementor-widget elementor-widget-text-editor\" data-id=\"f1e3e11\" data-element_type=\"widget\" data-widget_type=\"text-editor.default\">\n\t\t\t\t<div class=\"elementor-widget-container\">\n\t\t\t\t\t\t\t\t\t<p>Itin\u00e9raire 5<\/p>\t\t\t\t\t\t\t\t<\/div>\n\t\t\t\t<\/div>\n\t\t\t\t<\/div>\n\t\t<div class=\"elementor-element elementor-element-000e4de e-con-full e-flex e-con e-parent\" data-id=\"000e4de\" data-element_type=\"container\" data-settings=\"{&quot;background_background&quot;:&quot;classic&quot;}\">\n\t\t<div class=\"elementor-element elementor-element-7e77faa e-flex e-con-boxed e-con e-child\" data-id=\"7e77faa\" data-element_type=\"container\">\n\t\t\t\t\t<div class=\"e-con-inner\">\n\t\t\t\t<div class=\"elementor-element elementor-element-2859c4a elementor-widget elementor-widget-heading\" data-id=\"2859c4a\" data-element_type=\"widget\" data-widget_type=\"heading.default\">\n\t\t\t\t<div class=\"elementor-widget-container\">\n\t\t\t\t\t<h2 class=\"elementor-heading-title elementor-size-default\">Agriturismo Cornieto \u2013 Citt\u00e0 della Pieve \u2013 Chiusi \u2013 Cetona \u2013 Agriturismo Cornieto (environ 40 km)<\/h2>\t\t\t\t<\/div>\n\t\t\t\t<\/div>\n\t\t\t\t\t<\/div>\n\t\t\t\t<\/div>\n\t\t<div class=\"elementor-element elementor-element-a1ec5be e-flex e-con-boxed e-con e-child\" data-id=\"a1ec5be\" data-element_type=\"container\">\n\t\t\t\t\t<div class=\"e-con-inner\">\n\t\t<div class=\"elementor-element elementor-element-dc8d7ea e-con-full e-flex e-con e-child\" data-id=\"dc8d7ea\" data-element_type=\"container\" data-settings=\"{&quot;background_background&quot;:&quot;classic&quot;}\">\n\t\t\t\t<div class=\"elementor-element elementor-element-cb4eef6 elementor-widget elementor-widget-spacer\" data-id=\"cb4eef6\" data-element_type=\"widget\" data-widget_type=\"spacer.default\">\n\t\t\t\t<div class=\"elementor-widget-container\">\n\t\t\t\t\t\t\t<div class=\"elementor-spacer\">\n\t\t\t<div class=\"elementor-spacer-inner\"><\/div>\n\t\t<\/div>\n\t\t\t\t\t\t<\/div>\n\t\t\t\t<\/div>\n\t\t\t\t<\/div>\n\t\t<div class=\"elementor-element elementor-element-970f930 e-con-full e-flex e-con e-child\" data-id=\"970f930\" data-element_type=\"container\">\n\t\t\t\t<div class=\"elementor-element elementor-element-90fd479 elementor-widget elementor-widget-text-editor\" data-id=\"90fd479\" data-element_type=\"widget\" data-widget_type=\"text-editor.default\">\n\t\t\t\t<div class=\"elementor-widget-container\">\n\t\t\t\t\t\t\t\t\t<p style=\"text-align: justify;\" align=\"justify\">Apr\u00e8s avoir quitt\u00e9 la ferme Cornieto et rejoint la route goudronn\u00e9e, tournez \u00e0 droite en direction de Monteleone d&rsquo;Orvieto et continuez vers Citt\u00e0 della Pieve (6 km), ville natale du P\u00e9rugin, le plus c\u00e9l\u00e8bre peintre ombrien de la Renaissance. La ville a \u00e9t\u00e9 enti\u00e8rement construite en briques du d\u00e9but du Moyen \u00c2ge \u00e0 la Renaissance, avec une continuit\u00e9 scolaire. <\/p><p style=\"text-align: justify;\" align=\"justify\">Parmi les \u0153uvres du P\u00e9rugin conserv\u00e9es dans la ville, nous rappelons :<\/p><div style=\"text-align: justify;\" align=\"justify\"><ul><li>\u00ab <strong>L&rsquo;Epiphanie<\/strong> \u00bb, \u00e0 l&rsquo;int\u00e9rieur de S. Maria della Mercede ;<\/li><li>\u00ab <strong>Vierge \u00e0 l\u2019Enfant <\/strong>\u00bb et \u00ab <strong>Bapt\u00eame de J\u00e9sus <\/strong>\u00bb, dans la cath\u00e9drale ;<\/li><li>la fresque (transf\u00e9r\u00e9e sur toile) de saint Antoine abb\u00e9, conserv\u00e9e \u00e0 Saint-Pierre.<\/li><li>\u00c0 quelques pas de Citt\u00e0 della Pieve, en descendant d&rsquo;abord vers la plaine puis en remontant vers l&rsquo;ancien bourg, se trouve Chiusi, l&rsquo;une des \u00ab capitales \u00bb de l&#8217;empire \u00e9trusque. La ville tire sa richesse des d\u00e9couvertes \u00e9trusques diss\u00e9min\u00e9es sur son territoire ou rassembl\u00e9es dans son pr\u00e9cieux mus\u00e9e. Prosp\u00e8re et c\u00e9l\u00e8bre du VIIe au Ve si\u00e8cle av. J.-C., notamment sous le roi \u00e9trusque Porsenna. Apr\u00e8s avoir visit\u00e9 Chiusi, suivez les indications pour Cetona, un charmant village m\u00e9di\u00e9val situ\u00e9 \u00e0 mi-hauteur de la colline, face \u00e0 la montagne du m\u00eame nom. Du sommet de cette montagne (1 148 m d&rsquo;altitude), une vue suggestive s&rsquo;ouvre sur les vall\u00e9es environnantes et les lacs de Bolsena et Trasim\u00e8ne.   <\/li><\/ul><\/div>\t\t\t\t\t\t\t\t<\/div>\n\t\t\t\t<\/div>\n\t\t\t\t<\/div>\n\t\t\t\t\t<\/div>\n\t\t\t\t<\/div>\n\t\t<div class=\"elementor-element elementor-element-1898f23 e-flex e-con-boxed e-con e-child\" data-id=\"1898f23\" data-element_type=\"container\">\n\t\t\t\t\t<div class=\"e-con-inner\">\n\t\t<div class=\"elementor-element elementor-element-4939bb8 e-con-full e-flex e-con e-child\" data-id=\"4939bb8\" data-element_type=\"container\">\n\t\t\t\t<div class=\"elementor-element elementor-element-31d766c elementor-widget elementor-widget-text-editor\" data-id=\"31d766c\" data-element_type=\"widget\" data-widget_type=\"text-editor.default\">\n\t\t\t\t<div class=\"elementor-widget-container\">\n\t\t\t\t\t\t\t\t\t<p>Vous pouvez monter presque jusqu&rsquo;au sommet en voiture et parcourir les 300 derniers m\u00e8tres \u00e0 pied. Toute la r\u00e9gion du mont Cetona est connue depuis l&rsquo;Antiquit\u00e9 pour ses grottes naturelles, habit\u00e9es d\u00e8s l&rsquo;\u00e2ge de pierre et visit\u00e9es par l&rsquo;homme de N\u00e9antertal. Les fossiles et les t\u00e9moignages historiques sont aujourd&rsquo;hui conserv\u00e9s au mus\u00e9e arch\u00e9ologique de la ville, pr\u00e8s de la mairie. Les grottes peuvent \u00e9galement \u00eatre visit\u00e9es. Pour rentrer, suivez simplement les indications pour Chiusi Scalo. De l\u00e0, prenez la route qui m\u00e8ne au fond de la vall\u00e9e, dans la vall\u00e9e du Chiani (un ancien marais ass\u00e9ch\u00e9 o\u00f9 il n&rsquo;est pas rare d&rsquo;observer, dans leur habitat naturel, des h\u00e9rons blancs et cendr\u00e9s et diverses esp\u00e8ces d&rsquo;\u00e9chassiers : cigognes, buses, faucons paons, ainsi qu&rsquo;une multitude de ragondins). Apr\u00e8s 18 km, vous atteindrez Fabro Scalo o\u00f9, en suivant les indications pour Monteleone d&rsquo;Orvieto, vous retournerez \u00e0 la ferme Cornieto.    <\/p>\t\t\t\t\t\t\t\t<\/div>\n\t\t\t\t<\/div>\n\t\t\t\t<\/div>\n\t\t<div class=\"elementor-element elementor-element-75a90e1 e-con-full e-flex e-con e-child\" data-id=\"75a90e1\" data-element_type=\"container\" data-settings=\"{&quot;background_background&quot;:&quot;classic&quot;}\">\n\t\t\t\t<div class=\"elementor-element elementor-element-928d3da elementor-widget elementor-widget-spacer\" data-id=\"928d3da\" data-element_type=\"widget\" data-widget_type=\"spacer.default\">\n\t\t\t\t<div class=\"elementor-widget-container\">\n\t\t\t\t\t\t\t<div class=\"elementor-spacer\">\n\t\t\t<div class=\"elementor-spacer-inner\"><\/div>\n\t\t<\/div>\n\t\t\t\t\t\t<\/div>\n\t\t\t\t<\/div>\n\t\t\t\t<\/div>\n\t\t\t\t\t<\/div>\n\t\t\t\t<\/div>\n\t\t\t\t<\/div>\n\t\t\t\t<\/div>\n\t\t","protected":false},"excerpt":{"rendered":"<p>LIEUX \u00c1 VISITER Itin\u00e9raire 5 Agriturismo Cornieto \u2013 Citt\u00e0 della Pieve \u2013 Chiusi \u2013 Cetona \u2013 Agriturismo Cornieto (environ 40 km) Apr\u00e8s avoir quitt\u00e9 la ferme Cornieto et rejoint la route goudronn\u00e9e, tournez \u00e0 droite en direction de Monteleone d&rsquo;Orvieto et continuez vers Citt\u00e0 della Pieve (6 km), ville natale du P\u00e9rugin, le plus c\u00e9l\u00e8bre [&hellip;]<\/p>\n","protected":false},"author":1,"featured_media":0,"parent":15520,"menu_order":0,"comment_status":"closed","ping_status":"closed","template":"","meta":{"_acf_changed":false,"_joinchat":[],"footnotes":""},"class_list":["post-15533","page","type-page","status-publish","hentry"],"acf":[],"yoast_head":"<!-- This site is optimized with the Yoast SEO plugin v25.3.1 - https:\/\/yoast.com\/wordpress\/plugins\/seo\/ -->\n<title>Itin\u00e9raire 5 - Agriturismo Biologico Cornieto<\/title>\n<meta name=\"description\" content=\"Agriturismo &quot;Cornieto&quot;: un&#039;oasi di quiete, silenzio e relax, immersa nelle campagne di Monteleone d&#039;Orvieto, un&#039;intera collina tra l&#039;Umbria e la Toscana.\" \/>\n<meta name=\"robots\" content=\"index, follow, max-snippet:-1, max-image-preview:large, max-video-preview:-1\" \/>\n<link rel=\"canonical\" href=\"https:\/\/demosite10.dominimarketing01.it\/dintorni\/itinerario-5\/\" \/>\n<meta property=\"og:locale\" content=\"fr_FR\" \/>\n<meta property=\"og:type\" content=\"article\" \/>\n<meta property=\"og:title\" content=\"Itin\u00e9raire 5 - Agriturismo Biologico Cornieto\" \/>\n<meta property=\"og:description\" content=\"Agriturismo &quot;Cornieto&quot;: un&#039;oasi di quiete, silenzio e relax, immersa nelle campagne di Monteleone d&#039;Orvieto, un&#039;intera collina tra l&#039;Umbria e la Toscana.\" \/>\n<meta property=\"og:url\" content=\"https:\/\/demosite10.dominimarketing01.it\/dintorni\/itinerario-5\/\" \/>\n<meta property=\"og:site_name\" content=\"Agriturismo Biologico Cornieto\" \/>\n<meta property=\"article:modified_time\" content=\"2025-06-19T07:59:19+00:00\" \/>\n<meta name=\"twitter:card\" content=\"summary_large_image\" \/>\n<meta name=\"twitter:label1\" content=\"Dur\u00e9e de lecture estim\u00e9e\" \/>\n\t<meta name=\"twitter:data1\" content=\"2 minutes\" \/>\n<script type=\"application\/ld+json\" class=\"yoast-schema-graph\">{\"@context\":\"https:\/\/schema.org\",\"@graph\":[{\"@type\":\"WebPage\",\"@id\":\"https:\/\/demosite10.dominimarketing01.it\/dintorni\/itinerario-5\/\",\"url\":\"https:\/\/demosite10.dominimarketing01.it\/dintorni\/itinerario-5\/\",\"name\":\"Itin\u00e9raire 5 - Agriturismo Biologico Cornieto\",\"isPartOf\":{\"@id\":\"https:\/\/demosite10.dominimarketing01.it\/#website\"},\"datePublished\":\"2014-01-23T12:13:55+00:00\",\"dateModified\":\"2025-06-19T07:59:19+00:00\",\"description\":\"Agriturismo \\\"Cornieto\\\": un'oasi di quiete, silenzio e relax, immersa nelle campagne di Monteleone d'Orvieto, un'intera collina tra l'Umbria e la Toscana.\",\"breadcrumb\":{\"@id\":\"https:\/\/demosite10.dominimarketing01.it\/dintorni\/itinerario-5\/#breadcrumb\"},\"inLanguage\":\"fr-FR\",\"potentialAction\":[{\"@type\":\"ReadAction\",\"target\":[\"https:\/\/demosite10.dominimarketing01.it\/dintorni\/itinerario-5\/\"]}]},{\"@type\":\"BreadcrumbList\",\"@id\":\"https:\/\/demosite10.dominimarketing01.it\/dintorni\/itinerario-5\/#breadcrumb\",\"itemListElement\":[{\"@type\":\"ListItem\",\"position\":1,\"name\":\"Home\",\"item\":\"https:\/\/demosite10.dominimarketing01.it\/\"},{\"@type\":\"ListItem\",\"position\":2,\"name\":\"ALENTOURS\",\"item\":\"https:\/\/demosite10.dominimarketing01.it\/dintorni\/\"},{\"@type\":\"ListItem\",\"position\":3,\"name\":\"Itin\u00e9raire 5\"}]},{\"@type\":\"WebSite\",\"@id\":\"https:\/\/demosite10.dominimarketing01.it\/#website\",\"url\":\"https:\/\/demosite10.dominimarketing01.it\/\",\"name\":\"Agriturismo Biologico Cornieto\",\"description\":\"Agriturismo a Orvieto\",\"publisher\":{\"@id\":\"https:\/\/demosite10.dominimarketing01.it\/#organization\"},\"potentialAction\":[{\"@type\":\"SearchAction\",\"target\":{\"@type\":\"EntryPoint\",\"urlTemplate\":\"https:\/\/demosite10.dominimarketing01.it\/?s={search_term_string}\"},\"query-input\":{\"@type\":\"PropertyValueSpecification\",\"valueRequired\":true,\"valueName\":\"search_term_string\"}}],\"inLanguage\":\"fr-FR\"},{\"@type\":\"Organization\",\"@id\":\"https:\/\/demosite10.dominimarketing01.it\/#organization\",\"name\":\"Agriturismo Biologico Cornieto\",\"url\":\"https:\/\/demosite10.dominimarketing01.it\/\",\"logo\":{\"@type\":\"ImageObject\",\"inLanguage\":\"fr-FR\",\"@id\":\"https:\/\/demosite10.dominimarketing01.it\/#\/schema\/logo\/image\/\",\"url\":\"https:\/\/demosite10.dominimarketing01.it\/wp-content\/uploads\/2025\/03\/logocornietobianco-2.png\",\"contentUrl\":\"https:\/\/demosite10.dominimarketing01.it\/wp-content\/uploads\/2025\/03\/logocornietobianco-2.png\",\"width\":1411,\"height\":496,\"caption\":\"Agriturismo Biologico Cornieto\"},\"image\":{\"@id\":\"https:\/\/demosite10.dominimarketing01.it\/#\/schema\/logo\/image\/\"}}]}<\/script>\n<!-- \/ Yoast SEO plugin. -->","yoast_head_json":{"title":"Itin\u00e9raire 5 - Agriturismo Biologico Cornieto","description":"Agriturismo \"Cornieto\": un'oasi di quiete, silenzio e relax, immersa nelle campagne di Monteleone d'Orvieto, un'intera collina tra l'Umbria e la Toscana.","robots":{"index":"index","follow":"follow","max-snippet":"max-snippet:-1","max-image-preview":"max-image-preview:large","max-video-preview":"max-video-preview:-1"},"canonical":"https:\/\/demosite10.dominimarketing01.it\/dintorni\/itinerario-5\/","og_locale":"fr_FR","og_type":"article","og_title":"Itin\u00e9raire 5 - Agriturismo Biologico Cornieto","og_description":"Agriturismo \"Cornieto\": un'oasi di quiete, silenzio e relax, immersa nelle campagne di Monteleone d'Orvieto, un'intera collina tra l'Umbria e la Toscana.","og_url":"https:\/\/demosite10.dominimarketing01.it\/dintorni\/itinerario-5\/","og_site_name":"Agriturismo Biologico Cornieto","article_modified_time":"2025-06-19T07:59:19+00:00","twitter_card":"summary_large_image","twitter_misc":{"Dur\u00e9e de lecture estim\u00e9e":"2 minutes"},"schema":{"@context":"https:\/\/schema.org","@graph":[{"@type":"WebPage","@id":"https:\/\/demosite10.dominimarketing01.it\/dintorni\/itinerario-5\/","url":"https:\/\/demosite10.dominimarketing01.it\/dintorni\/itinerario-5\/","name":"Itin\u00e9raire 5 - Agriturismo Biologico Cornieto","isPartOf":{"@id":"https:\/\/demosite10.dominimarketing01.it\/#website"},"datePublished":"2014-01-23T12:13:55+00:00","dateModified":"2025-06-19T07:59:19+00:00","description":"Agriturismo \"Cornieto\": un'oasi di quiete, silenzio e relax, immersa nelle campagne di Monteleone d'Orvieto, un'intera collina tra l'Umbria e la Toscana.","breadcrumb":{"@id":"https:\/\/demosite10.dominimarketing01.it\/dintorni\/itinerario-5\/#breadcrumb"},"inLanguage":"fr-FR","potentialAction":[{"@type":"ReadAction","target":["https:\/\/demosite10.dominimarketing01.it\/dintorni\/itinerario-5\/"]}]},{"@type":"BreadcrumbList","@id":"https:\/\/demosite10.dominimarketing01.it\/dintorni\/itinerario-5\/#breadcrumb","itemListElement":[{"@type":"ListItem","position":1,"name":"Home","item":"https:\/\/demosite10.dominimarketing01.it\/"},{"@type":"ListItem","position":2,"name":"ALENTOURS","item":"https:\/\/demosite10.dominimarketing01.it\/dintorni\/"},{"@type":"ListItem","position":3,"name":"Itin\u00e9raire 5"}]},{"@type":"WebSite","@id":"https:\/\/demosite10.dominimarketing01.it\/#website","url":"https:\/\/demosite10.dominimarketing01.it\/","name":"Agriturismo Biologico Cornieto","description":"Agriturismo a Orvieto","publisher":{"@id":"https:\/\/demosite10.dominimarketing01.it\/#organization"},"potentialAction":[{"@type":"SearchAction","target":{"@type":"EntryPoint","urlTemplate":"https:\/\/demosite10.dominimarketing01.it\/?s={search_term_string}"},"query-input":{"@type":"PropertyValueSpecification","valueRequired":true,"valueName":"search_term_string"}}],"inLanguage":"fr-FR"},{"@type":"Organization","@id":"https:\/\/demosite10.dominimarketing01.it\/#organization","name":"Agriturismo Biologico Cornieto","url":"https:\/\/demosite10.dominimarketing01.it\/","logo":{"@type":"ImageObject","inLanguage":"fr-FR","@id":"https:\/\/demosite10.dominimarketing01.it\/#\/schema\/logo\/image\/","url":"https:\/\/demosite10.dominimarketing01.it\/wp-content\/uploads\/2025\/03\/logocornietobianco-2.png","contentUrl":"https:\/\/demosite10.dominimarketing01.it\/wp-content\/uploads\/2025\/03\/logocornietobianco-2.png","width":1411,"height":496,"caption":"Agriturismo Biologico Cornieto"},"image":{"@id":"https:\/\/demosite10.dominimarketing01.it\/#\/schema\/logo\/image\/"}}]}},"_links":{"self":[{"href":"https:\/\/demosite10.dominimarketing01.it\/fr\/wp-json\/wp\/v2\/pages\/15533","targetHints":{"allow":["GET"]}}],"collection":[{"href":"https:\/\/demosite10.dominimarketing01.it\/fr\/wp-json\/wp\/v2\/pages"}],"about":[{"href":"https:\/\/demosite10.dominimarketing01.it\/fr\/wp-json\/wp\/v2\/types\/page"}],"author":[{"embeddable":true,"href":"https:\/\/demosite10.dominimarketing01.it\/fr\/wp-json\/wp\/v2\/users\/1"}],"replies":[{"embeddable":true,"href":"https:\/\/demosite10.dominimarketing01.it\/fr\/wp-json\/wp\/v2\/comments?post=15533"}],"version-history":[{"count":2,"href":"https:\/\/demosite10.dominimarketing01.it\/fr\/wp-json\/wp\/v2\/pages\/15533\/revisions"}],"predecessor-version":[{"id":15535,"href":"https:\/\/demosite10.dominimarketing01.it\/fr\/wp-json\/wp\/v2\/pages\/15533\/revisions\/15535"}],"up":[{"embeddable":true,"href":"https:\/\/demosite10.dominimarketing01.it\/fr\/wp-json\/wp\/v2\/pages\/15520"}],"wp:attachment":[{"href":"https:\/\/demosite10.dominimarketing01.it\/fr\/wp-json\/wp\/v2\/media?parent=15533"}],"curies":[{"name":"wp","href":"https:\/\/api.w.org\/{rel}","templated":true}]}}