{"id":15530,"date":"2014-01-23T12:12:44","date_gmt":"2014-01-23T12:12:44","guid":{"rendered":"https:\/\/demosite10.dominimarketing01.it\/alentours\/itineraire-4\/"},"modified":"2025-06-19T07:57:08","modified_gmt":"2025-06-19T07:57:08","slug":"itineraire-4","status":"publish","type":"page","link":"https:\/\/demosite10.dominimarketing01.it\/fr\/alentours\/itineraire-4\/","title":{"rendered":"Itin\u00e9raire 4"},"content":{"rendered":"\t\t<div data-elementor-type=\"wp-page\" data-elementor-id=\"15530\" class=\"elementor elementor-15530 elementor-1768\" data-elementor-post-type=\"page\">\n\t\t\t\t<div class=\"elementor-element elementor-element-c6e8a0e e-con-full e-flex e-con e-parent\" data-id=\"c6e8a0e\" data-element_type=\"container\" data-settings=\"{&quot;background_background&quot;:&quot;classic&quot;}\">\n\t\t\t\t<div class=\"elementor-element elementor-element-93f876f elementor-widget elementor-widget-heading\" data-id=\"93f876f\" data-element_type=\"widget\" data-widget_type=\"heading.default\">\n\t\t\t\t<div class=\"elementor-widget-container\">\n\t\t\t\t\t<h1 class=\"elementor-heading-title elementor-size-default\">LIEUX \u00c1 VISITER<\/h1>\t\t\t\t<\/div>\n\t\t\t\t<\/div>\n\t\t\t\t<div class=\"elementor-element elementor-element-d0b7310 elementor-widget elementor-widget-text-editor\" data-id=\"d0b7310\" data-element_type=\"widget\" data-widget_type=\"text-editor.default\">\n\t\t\t\t<div class=\"elementor-widget-container\">\n\t\t\t\t\t\t\t\t\t<p>Itin\u00e9raire 4<\/p>\t\t\t\t\t\t\t\t<\/div>\n\t\t\t\t<\/div>\n\t\t\t\t<\/div>\n\t\t<div class=\"elementor-element elementor-element-2489174 e-con-full e-flex e-con e-parent\" data-id=\"2489174\" data-element_type=\"container\" data-settings=\"{&quot;background_background&quot;:&quot;classic&quot;}\">\n\t\t<div class=\"elementor-element elementor-element-b047042 e-flex e-con-boxed e-con e-child\" data-id=\"b047042\" data-element_type=\"container\">\n\t\t\t\t\t<div class=\"e-con-inner\">\n\t\t\t\t<div class=\"elementor-element elementor-element-5691518 elementor-widget elementor-widget-heading\" data-id=\"5691518\" data-element_type=\"widget\" data-widget_type=\"heading.default\">\n\t\t\t\t<div class=\"elementor-widget-container\">\n\t\t\t\t\t<h2 class=\"elementor-heading-title elementor-size-default\">Agriturismo Cornieto \u2013 P\u00e9rouse \u2013 Assise \u2013 Spello \u2013 Agriturismo Cornieto (environ 130 km)<\/h2>\t\t\t\t<\/div>\n\t\t\t\t<\/div>\n\t\t\t\t\t<\/div>\n\t\t\t\t<\/div>\n\t\t<div class=\"elementor-element elementor-element-759df12 e-flex e-con-boxed e-con e-child\" data-id=\"759df12\" data-element_type=\"container\">\n\t\t\t\t\t<div class=\"e-con-inner\">\n\t\t<div class=\"elementor-element elementor-element-21ca5e0 e-con-full e-flex e-con e-child\" data-id=\"21ca5e0\" data-element_type=\"container\" data-settings=\"{&quot;background_background&quot;:&quot;classic&quot;}\">\n\t\t\t\t<div class=\"elementor-element elementor-element-47fb762 elementor-widget elementor-widget-spacer\" data-id=\"47fb762\" data-element_type=\"widget\" data-widget_type=\"spacer.default\">\n\t\t\t\t<div class=\"elementor-widget-container\">\n\t\t\t\t\t\t\t<div class=\"elementor-spacer\">\n\t\t\t<div class=\"elementor-spacer-inner\"><\/div>\n\t\t<\/div>\n\t\t\t\t\t\t<\/div>\n\t\t\t\t<\/div>\n\t\t\t\t<\/div>\n\t\t<div class=\"elementor-element elementor-element-e8cd231 e-con-full e-flex e-con e-child\" data-id=\"e8cd231\" data-element_type=\"container\">\n\t\t\t\t<div class=\"elementor-element elementor-element-29844b0 elementor-widget elementor-widget-text-editor\" data-id=\"29844b0\" data-element_type=\"widget\" data-widget_type=\"text-editor.default\">\n\t\t\t\t<div class=\"elementor-widget-container\">\n\t\t\t\t\t\t\t\t\t<p>Apr\u00e8s avoir quitt\u00e9 la ferme Cornieto et rejoint la route nationale, tournez \u00e0 droite, continuez en direction de Monteleone d&rsquo;Orvieto et suivez les panneaux indiquant P\u00e9rouse (environ 40 km). Le centre historique de la ville est facilement accessible \u00e0 pied ; il est donc recommand\u00e9 de laisser votre voiture dans les parkings pr\u00e9vus \u00e0 cet effet, notamment celui de la Piazza d&rsquo;Armi (monument \u00e0 Garibaldi), d&rsquo;o\u00f9 partent des escalators qui, traversant les souterrains de la Rocca Paolina, d\u00e9bouchent directement dans le centre-ville, au d\u00e9but du Corso Vannucci. Apr\u00e8s une agr\u00e9able promenade le long du parcours, visitez la Cath\u00e9drale avec la Fontana Maggiore en face, ainsi que le Palazzo dei Priori et la Sala dei Notarti adjacente. Pour une visite compl\u00e8te de la ville de P\u00e9rouse, il est conseill\u00e9 de se munir d&rsquo;un guide incluant \u00e9galement une description d&rsquo;Assise. En partant de P\u00e9rouse et en suivant les indications pour Assise, on arrive, en peu de temps (20 km), \u00e0 la ville de Saint-Fran\u00e7ois o\u00f9 tout semble raconter la vie du saint : le souffle mystique de la ville se transforme en un r\u00e9cit intens\u00e9ment lyrique dans les fresques extraordinaires que Giotto a peintes dans l&rsquo;\u00e9glise qui lui est d\u00e9di\u00e9e. Sur ses traces, sainte Claire a fond\u00e9 l&rsquo;\u00e9quivalent f\u00e9minin de l&rsquo;ordre franciscain, contribuant \u00e0 faire d&rsquo;Assise un centre religieux de renomm\u00e9e internationale.     <\/p>\t\t\t\t\t\t\t\t<\/div>\n\t\t\t\t<\/div>\n\t\t\t\t<\/div>\n\t\t\t\t\t<\/div>\n\t\t\t\t<\/div>\n\t\t<div class=\"elementor-element elementor-element-31c25fe e-flex e-con-boxed e-con e-child\" data-id=\"31c25fe\" data-element_type=\"container\">\n\t\t\t\t\t<div class=\"e-con-inner\">\n\t\t<div class=\"elementor-element elementor-element-82c57d3 e-con-full e-flex e-con e-child\" data-id=\"82c57d3\" data-element_type=\"container\">\n\t\t\t\t<div class=\"elementor-element elementor-element-6cfafbb elementor-widget elementor-widget-text-editor\" data-id=\"6cfafbb\" data-element_type=\"widget\" data-widget_type=\"text-editor.default\">\n\t\t\t\t<div class=\"elementor-widget-container\">\n\t\t\t\t\t\t\t\t\t<p>La basilique d&rsquo;Assise est compos\u00e9e de deux \u00e9glises superpos\u00e9es : l&rsquo;\u00e9glise sup\u00e9rieure, orn\u00e9e de fresques de Giotto et de Cimabue, pr\u00e9sente une place dont le parvis est un manteau herbeux ; l&rsquo;\u00e9glise inf\u00e9rieure, qui abrite des fresques de Pietro Lorenzetti et Simone Martini, forme un espace ext\u00e9rieur reli\u00e9 par un escalier monumental ponctu\u00e9 d&rsquo;arcs \u00e0 portique. La basilique Sainte-Claire (1257-1265), dont la fa\u00e7ade pr\u00e9sente un plan similaire \u00e0 celui de la basilique sup\u00e9rieure de Saint-Fran\u00e7ois, est en pierre calcaire blanche et rose qui lui conf\u00e8re une lumi\u00e8re particuli\u00e8re ; \u00e0 l&rsquo;int\u00e9rieur est conserv\u00e9 le crucifix qui, selon la tradition, a parl\u00e9 \u00e0 Saint-Fran\u00e7ois. Pour retourner \u00e0 la ferme de Cornieto, suivre les indications pour P\u00e9rouse, apr\u00e8s avoir pris la sortie d&rsquo;autoroute \u00ab Madonna Alta \u00bb, puis continuer vers Citt\u00e0 della Pieve, puis vers Monteleone d&rsquo;Orvieto.  <\/p>\t\t\t\t\t\t\t\t<\/div>\n\t\t\t\t<\/div>\n\t\t\t\t<\/div>\n\t\t<div class=\"elementor-element elementor-element-cadc284 e-con-full e-flex e-con e-child\" data-id=\"cadc284\" data-element_type=\"container\" data-settings=\"{&quot;background_background&quot;:&quot;classic&quot;}\">\n\t\t\t\t<div class=\"elementor-element elementor-element-37a8a92 elementor-widget elementor-widget-spacer\" data-id=\"37a8a92\" data-element_type=\"widget\" data-widget_type=\"spacer.default\">\n\t\t\t\t<div class=\"elementor-widget-container\">\n\t\t\t\t\t\t\t<div class=\"elementor-spacer\">\n\t\t\t<div class=\"elementor-spacer-inner\"><\/div>\n\t\t<\/div>\n\t\t\t\t\t\t<\/div>\n\t\t\t\t<\/div>\n\t\t\t\t<\/div>\n\t\t\t\t\t<\/div>\n\t\t\t\t<\/div>\n\t\t\t\t<\/div>\n\t\t\t\t<\/div>\n\t\t","protected":false},"excerpt":{"rendered":"<p>LIEUX \u00c1 VISITER Itin\u00e9raire 4 Agriturismo Cornieto \u2013 P\u00e9rouse \u2013 Assise \u2013 Spello \u2013 Agriturismo Cornieto (environ 130 km) Apr\u00e8s avoir quitt\u00e9 la ferme Cornieto et rejoint la route nationale, tournez \u00e0 droite, continuez en direction de Monteleone d&rsquo;Orvieto et suivez les panneaux indiquant P\u00e9rouse (environ 40 km). Le centre historique de la ville est [&hellip;]<\/p>\n","protected":false},"author":1,"featured_media":0,"parent":15520,"menu_order":0,"comment_status":"closed","ping_status":"closed","template":"","meta":{"_acf_changed":false,"_joinchat":[],"footnotes":""},"class_list":["post-15530","page","type-page","status-publish","hentry"],"acf":[],"yoast_head":"<!-- This site is optimized with the Yoast SEO plugin v25.3.1 - https:\/\/yoast.com\/wordpress\/plugins\/seo\/ -->\n<title>Itin\u00e9raire 4 - Agriturismo Biologico Cornieto<\/title>\n<meta name=\"description\" content=\"Agriturismo &quot;Cornieto&quot;: un&#039;oasi di quiete, silenzio e relax, immersa nelle campagne di Monteleone d&#039;Orvieto, un&#039;intera collina tra l&#039;Umbria e la Toscana.\" \/>\n<meta name=\"robots\" content=\"index, follow, max-snippet:-1, max-image-preview:large, max-video-preview:-1\" \/>\n<link rel=\"canonical\" href=\"https:\/\/demosite10.dominimarketing01.it\/dintorni\/itinerario-4\/\" \/>\n<meta property=\"og:locale\" content=\"fr_FR\" \/>\n<meta property=\"og:type\" content=\"article\" \/>\n<meta property=\"og:title\" content=\"Itin\u00e9raire 4 - Agriturismo Biologico Cornieto\" \/>\n<meta property=\"og:description\" content=\"Agriturismo &quot;Cornieto&quot;: un&#039;oasi di quiete, silenzio e relax, immersa nelle campagne di Monteleone d&#039;Orvieto, un&#039;intera collina tra l&#039;Umbria e la Toscana.\" \/>\n<meta property=\"og:url\" content=\"https:\/\/demosite10.dominimarketing01.it\/dintorni\/itinerario-4\/\" \/>\n<meta property=\"og:site_name\" content=\"Agriturismo Biologico Cornieto\" \/>\n<meta property=\"article:modified_time\" content=\"2025-06-19T07:57:08+00:00\" \/>\n<meta name=\"twitter:card\" content=\"summary_large_image\" \/>\n<meta name=\"twitter:label1\" content=\"Dur\u00e9e de lecture estim\u00e9e\" \/>\n\t<meta name=\"twitter:data1\" content=\"2 minutes\" \/>\n<script type=\"application\/ld+json\" class=\"yoast-schema-graph\">{\"@context\":\"https:\/\/schema.org\",\"@graph\":[{\"@type\":\"WebPage\",\"@id\":\"https:\/\/demosite10.dominimarketing01.it\/dintorni\/itinerario-4\/\",\"url\":\"https:\/\/demosite10.dominimarketing01.it\/dintorni\/itinerario-4\/\",\"name\":\"Itin\u00e9raire 4 - Agriturismo Biologico Cornieto\",\"isPartOf\":{\"@id\":\"https:\/\/demosite10.dominimarketing01.it\/#website\"},\"datePublished\":\"2014-01-23T12:12:44+00:00\",\"dateModified\":\"2025-06-19T07:57:08+00:00\",\"description\":\"Agriturismo \\\"Cornieto\\\": un'oasi di quiete, silenzio e relax, immersa nelle campagne di Monteleone d'Orvieto, un'intera collina tra l'Umbria e la Toscana.\",\"breadcrumb\":{\"@id\":\"https:\/\/demosite10.dominimarketing01.it\/dintorni\/itinerario-4\/#breadcrumb\"},\"inLanguage\":\"fr-FR\",\"potentialAction\":[{\"@type\":\"ReadAction\",\"target\":[\"https:\/\/demosite10.dominimarketing01.it\/dintorni\/itinerario-4\/\"]}]},{\"@type\":\"BreadcrumbList\",\"@id\":\"https:\/\/demosite10.dominimarketing01.it\/dintorni\/itinerario-4\/#breadcrumb\",\"itemListElement\":[{\"@type\":\"ListItem\",\"position\":1,\"name\":\"Home\",\"item\":\"https:\/\/demosite10.dominimarketing01.it\/\"},{\"@type\":\"ListItem\",\"position\":2,\"name\":\"ALENTOURS\",\"item\":\"https:\/\/demosite10.dominimarketing01.it\/dintorni\/\"},{\"@type\":\"ListItem\",\"position\":3,\"name\":\"Itin\u00e9raire 4\"}]},{\"@type\":\"WebSite\",\"@id\":\"https:\/\/demosite10.dominimarketing01.it\/#website\",\"url\":\"https:\/\/demosite10.dominimarketing01.it\/\",\"name\":\"Agriturismo Biologico Cornieto\",\"description\":\"Agriturismo a Orvieto\",\"publisher\":{\"@id\":\"https:\/\/demosite10.dominimarketing01.it\/#organization\"},\"potentialAction\":[{\"@type\":\"SearchAction\",\"target\":{\"@type\":\"EntryPoint\",\"urlTemplate\":\"https:\/\/demosite10.dominimarketing01.it\/?s={search_term_string}\"},\"query-input\":{\"@type\":\"PropertyValueSpecification\",\"valueRequired\":true,\"valueName\":\"search_term_string\"}}],\"inLanguage\":\"fr-FR\"},{\"@type\":\"Organization\",\"@id\":\"https:\/\/demosite10.dominimarketing01.it\/#organization\",\"name\":\"Agriturismo Biologico Cornieto\",\"url\":\"https:\/\/demosite10.dominimarketing01.it\/\",\"logo\":{\"@type\":\"ImageObject\",\"inLanguage\":\"fr-FR\",\"@id\":\"https:\/\/demosite10.dominimarketing01.it\/#\/schema\/logo\/image\/\",\"url\":\"https:\/\/demosite10.dominimarketing01.it\/wp-content\/uploads\/2025\/03\/logocornietobianco-2.png\",\"contentUrl\":\"https:\/\/demosite10.dominimarketing01.it\/wp-content\/uploads\/2025\/03\/logocornietobianco-2.png\",\"width\":1411,\"height\":496,\"caption\":\"Agriturismo Biologico Cornieto\"},\"image\":{\"@id\":\"https:\/\/demosite10.dominimarketing01.it\/#\/schema\/logo\/image\/\"}}]}<\/script>\n<!-- \/ Yoast SEO plugin. -->","yoast_head_json":{"title":"Itin\u00e9raire 4 - Agriturismo Biologico Cornieto","description":"Agriturismo \"Cornieto\": un'oasi di quiete, silenzio e relax, immersa nelle campagne di Monteleone d'Orvieto, un'intera collina tra l'Umbria e la Toscana.","robots":{"index":"index","follow":"follow","max-snippet":"max-snippet:-1","max-image-preview":"max-image-preview:large","max-video-preview":"max-video-preview:-1"},"canonical":"https:\/\/demosite10.dominimarketing01.it\/dintorni\/itinerario-4\/","og_locale":"fr_FR","og_type":"article","og_title":"Itin\u00e9raire 4 - Agriturismo Biologico Cornieto","og_description":"Agriturismo \"Cornieto\": un'oasi di quiete, silenzio e relax, immersa nelle campagne di Monteleone d'Orvieto, un'intera collina tra l'Umbria e la Toscana.","og_url":"https:\/\/demosite10.dominimarketing01.it\/dintorni\/itinerario-4\/","og_site_name":"Agriturismo Biologico Cornieto","article_modified_time":"2025-06-19T07:57:08+00:00","twitter_card":"summary_large_image","twitter_misc":{"Dur\u00e9e de lecture estim\u00e9e":"2 minutes"},"schema":{"@context":"https:\/\/schema.org","@graph":[{"@type":"WebPage","@id":"https:\/\/demosite10.dominimarketing01.it\/dintorni\/itinerario-4\/","url":"https:\/\/demosite10.dominimarketing01.it\/dintorni\/itinerario-4\/","name":"Itin\u00e9raire 4 - Agriturismo Biologico Cornieto","isPartOf":{"@id":"https:\/\/demosite10.dominimarketing01.it\/#website"},"datePublished":"2014-01-23T12:12:44+00:00","dateModified":"2025-06-19T07:57:08+00:00","description":"Agriturismo \"Cornieto\": un'oasi di quiete, silenzio e relax, immersa nelle campagne di Monteleone d'Orvieto, un'intera collina tra l'Umbria e la Toscana.","breadcrumb":{"@id":"https:\/\/demosite10.dominimarketing01.it\/dintorni\/itinerario-4\/#breadcrumb"},"inLanguage":"fr-FR","potentialAction":[{"@type":"ReadAction","target":["https:\/\/demosite10.dominimarketing01.it\/dintorni\/itinerario-4\/"]}]},{"@type":"BreadcrumbList","@id":"https:\/\/demosite10.dominimarketing01.it\/dintorni\/itinerario-4\/#breadcrumb","itemListElement":[{"@type":"ListItem","position":1,"name":"Home","item":"https:\/\/demosite10.dominimarketing01.it\/"},{"@type":"ListItem","position":2,"name":"ALENTOURS","item":"https:\/\/demosite10.dominimarketing01.it\/dintorni\/"},{"@type":"ListItem","position":3,"name":"Itin\u00e9raire 4"}]},{"@type":"WebSite","@id":"https:\/\/demosite10.dominimarketing01.it\/#website","url":"https:\/\/demosite10.dominimarketing01.it\/","name":"Agriturismo Biologico Cornieto","description":"Agriturismo a Orvieto","publisher":{"@id":"https:\/\/demosite10.dominimarketing01.it\/#organization"},"potentialAction":[{"@type":"SearchAction","target":{"@type":"EntryPoint","urlTemplate":"https:\/\/demosite10.dominimarketing01.it\/?s={search_term_string}"},"query-input":{"@type":"PropertyValueSpecification","valueRequired":true,"valueName":"search_term_string"}}],"inLanguage":"fr-FR"},{"@type":"Organization","@id":"https:\/\/demosite10.dominimarketing01.it\/#organization","name":"Agriturismo Biologico Cornieto","url":"https:\/\/demosite10.dominimarketing01.it\/","logo":{"@type":"ImageObject","inLanguage":"fr-FR","@id":"https:\/\/demosite10.dominimarketing01.it\/#\/schema\/logo\/image\/","url":"https:\/\/demosite10.dominimarketing01.it\/wp-content\/uploads\/2025\/03\/logocornietobianco-2.png","contentUrl":"https:\/\/demosite10.dominimarketing01.it\/wp-content\/uploads\/2025\/03\/logocornietobianco-2.png","width":1411,"height":496,"caption":"Agriturismo Biologico Cornieto"},"image":{"@id":"https:\/\/demosite10.dominimarketing01.it\/#\/schema\/logo\/image\/"}}]}},"_links":{"self":[{"href":"https:\/\/demosite10.dominimarketing01.it\/fr\/wp-json\/wp\/v2\/pages\/15530","targetHints":{"allow":["GET"]}}],"collection":[{"href":"https:\/\/demosite10.dominimarketing01.it\/fr\/wp-json\/wp\/v2\/pages"}],"about":[{"href":"https:\/\/demosite10.dominimarketing01.it\/fr\/wp-json\/wp\/v2\/types\/page"}],"author":[{"embeddable":true,"href":"https:\/\/demosite10.dominimarketing01.it\/fr\/wp-json\/wp\/v2\/users\/1"}],"replies":[{"embeddable":true,"href":"https:\/\/demosite10.dominimarketing01.it\/fr\/wp-json\/wp\/v2\/comments?post=15530"}],"version-history":[{"count":1,"href":"https:\/\/demosite10.dominimarketing01.it\/fr\/wp-json\/wp\/v2\/pages\/15530\/revisions"}],"predecessor-version":[{"id":15531,"href":"https:\/\/demosite10.dominimarketing01.it\/fr\/wp-json\/wp\/v2\/pages\/15530\/revisions\/15531"}],"up":[{"embeddable":true,"href":"https:\/\/demosite10.dominimarketing01.it\/fr\/wp-json\/wp\/v2\/pages\/15520"}],"wp:attachment":[{"href":"https:\/\/demosite10.dominimarketing01.it\/fr\/wp-json\/wp\/v2\/media?parent=15530"}],"curies":[{"name":"wp","href":"https:\/\/api.w.org\/{rel}","templated":true}]}}