{"id":15527,"date":"2014-01-23T12:11:39","date_gmt":"2014-01-23T12:11:39","guid":{"rendered":"https:\/\/demosite10.dominimarketing01.it\/alentours\/itineraire-3\/"},"modified":"2025-06-19T07:55:46","modified_gmt":"2025-06-19T07:55:46","slug":"itineraire-3","status":"publish","type":"page","link":"https:\/\/demosite10.dominimarketing01.it\/fr\/alentours\/itineraire-3\/","title":{"rendered":"Itin\u00e9raire 3"},"content":{"rendered":"\t\t<div data-elementor-type=\"wp-page\" data-elementor-id=\"15527\" class=\"elementor elementor-15527 elementor-1766\" data-elementor-post-type=\"page\">\n\t\t\t\t<div class=\"elementor-element elementor-element-fec9422 e-con-full e-flex e-con e-parent\" data-id=\"fec9422\" data-element_type=\"container\" data-settings=\"{&quot;background_background&quot;:&quot;classic&quot;}\">\n\t\t\t\t<div class=\"elementor-element elementor-element-a717212 elementor-widget elementor-widget-heading\" data-id=\"a717212\" data-element_type=\"widget\" data-widget_type=\"heading.default\">\n\t\t\t\t<div class=\"elementor-widget-container\">\n\t\t\t\t\t<h1 class=\"elementor-heading-title elementor-size-default\">LIEUX \u00c1 VISITER<\/h1>\t\t\t\t<\/div>\n\t\t\t\t<\/div>\n\t\t\t\t<div class=\"elementor-element elementor-element-5d1db20 elementor-widget elementor-widget-text-editor\" data-id=\"5d1db20\" data-element_type=\"widget\" data-widget_type=\"text-editor.default\">\n\t\t\t\t<div class=\"elementor-widget-container\">\n\t\t\t\t\t\t\t\t\t<p>Itin\u00e9raire 3<\/p>\t\t\t\t\t\t\t\t<\/div>\n\t\t\t\t<\/div>\n\t\t\t\t<\/div>\n\t\t<div class=\"elementor-element elementor-element-d147794 e-con-full e-flex e-con e-parent\" data-id=\"d147794\" data-element_type=\"container\" data-settings=\"{&quot;background_background&quot;:&quot;classic&quot;}\">\n\t\t<div class=\"elementor-element elementor-element-b508eec e-flex e-con-boxed e-con e-child\" data-id=\"b508eec\" data-element_type=\"container\">\n\t\t\t\t\t<div class=\"e-con-inner\">\n\t\t\t\t<div class=\"elementor-element elementor-element-dd7f837 elementor-widget elementor-widget-heading\" data-id=\"dd7f837\" data-element_type=\"widget\" data-widget_type=\"heading.default\">\n\t\t\t\t<div class=\"elementor-widget-container\">\n\t\t\t\t\t<h2 class=\"elementor-heading-title elementor-size-default\">Agriturismo Cornieto \u2013 Sienne \u2013 Buonconvento \u2013 Radicofani \u2013 S.Casciano \u2013 Agriturismo Cornieto (environ 220 km)<\/h2>\t\t\t\t<\/div>\n\t\t\t\t<\/div>\n\t\t\t\t\t<\/div>\n\t\t\t\t<\/div>\n\t\t<div class=\"elementor-element elementor-element-632d421 e-flex e-con-boxed e-con e-child\" data-id=\"632d421\" data-element_type=\"container\">\n\t\t\t\t\t<div class=\"e-con-inner\">\n\t\t<div class=\"elementor-element elementor-element-b7fade1 e-con-full e-flex e-con e-child\" data-id=\"b7fade1\" data-element_type=\"container\" data-settings=\"{&quot;background_background&quot;:&quot;classic&quot;}\">\n\t\t\t\t<div class=\"elementor-element elementor-element-9bc7669 elementor-widget elementor-widget-spacer\" data-id=\"9bc7669\" data-element_type=\"widget\" data-widget_type=\"spacer.default\">\n\t\t\t\t<div class=\"elementor-widget-container\">\n\t\t\t\t\t\t\t<div class=\"elementor-spacer\">\n\t\t\t<div class=\"elementor-spacer-inner\"><\/div>\n\t\t<\/div>\n\t\t\t\t\t\t<\/div>\n\t\t\t\t<\/div>\n\t\t\t\t<\/div>\n\t\t<div class=\"elementor-element elementor-element-f8703fa e-con-full e-flex e-con e-child\" data-id=\"f8703fa\" data-element_type=\"container\">\n\t\t\t\t<div class=\"elementor-element elementor-element-72fd5a2 elementor-widget elementor-widget-text-editor\" data-id=\"72fd5a2\" data-element_type=\"widget\" data-widget_type=\"text-editor.default\">\n\t\t\t\t<div class=\"elementor-widget-container\">\n\t\t\t\t\t\t\t\t\t<p>Apr\u00e8s avoir quitt\u00e9 la ferme Cornieto et rejoint la route nationale, tournez \u00e0 gauche en direction de Fabro Scalo et prenez l&rsquo;A1 en direction de Florence. Apr\u00e8s environ 40 km, sortez \u00e0 Val di Chiana et suivez l&rsquo;autoroute jusqu&rsquo;\u00e0 Sienne. Pour visiter le centre historique de la ville, vous aurez l&#8217;embarras du choix, m\u00eame si un ap\u00e9ritif sur la Piazza del Campo, o\u00f9 se d\u00e9roule le c\u00e9l\u00e8bre \u00ab Palio \u00bb deux fois par an, s&rsquo;impose. Le retour est plac\u00e9 sous le signe de la d\u00e9tente : vous parcourez un long tron\u00e7on de la Via Cassia, traversant les collines toscanes vallonn\u00e9es, parsem\u00e9es de fermes, de cypr\u00e8s et de champs cultiv\u00e9s, offrant des panoramas \u00e0 photographier en toute saison. Sortez de Sienne en suivant les indications pour Buonconvento ou pour la Via Cassia.   <\/p>\t\t\t\t\t\t\t\t<\/div>\n\t\t\t\t<\/div>\n\t\t\t\t<\/div>\n\t\t\t\t\t<\/div>\n\t\t\t\t<\/div>\n\t\t<div class=\"elementor-element elementor-element-b29e5c7 e-flex e-con-boxed e-con e-child\" data-id=\"b29e5c7\" data-element_type=\"container\">\n\t\t\t\t\t<div class=\"e-con-inner\">\n\t\t<div class=\"elementor-element elementor-element-fcb7f07 e-con-full e-flex e-con e-child\" data-id=\"fcb7f07\" data-element_type=\"container\">\n\t\t\t\t<div class=\"elementor-element elementor-element-df73172 elementor-widget elementor-widget-text-editor\" data-id=\"df73172\" data-element_type=\"widget\" data-widget_type=\"text-editor.default\">\n\t\t\t\t<div class=\"elementor-widget-container\">\n\t\t\t\t\t\t\t\t\t<p>Buonconvento, forteresse de plaine, enti\u00e8rement encercl\u00e9e par ses remparts, est un village \u00e9galement mentionn\u00e9 par Boccace dans une de ses Nouvelles ; il fut construit sur la Via Cassia, l\u00e0 o\u00f9 l&rsquo;Ombrone se jette dans l&rsquo;Arbia. Apr\u00e8s avoir d\u00e9pass\u00e9 la ville et continu\u00e9 vers le sud le long de la Cassia, on atteint Radicofani : le village m\u00e9rite une courte halte, surtout par temps clair, pour le paysage \u00e9poustouflant que l&rsquo;on peut admirer du haut du village, qui, sans surprise, abrite un observatoire m\u00e9t\u00e9orologique. En quittant la Cassia, on se dirige vers San Casciano, ville connue pour ses thermes du m\u00eame nom. L&rsquo;eau jaillit du sous-sol \u00e0 une temp\u00e9rature de pr\u00e8s de 50 degr\u00e9s et poss\u00e8de des propri\u00e9t\u00e9s th\u00e9rapeutiques connues depuis l&rsquo;Antiquit\u00e9. Pour revenir \u00e0 la ferme Cornieto : depuis San Casciano, rejoindre le village de Piazze et la route de la vall\u00e9e. \u00c0 Ponticelli, tourner \u00e0 droite en suivant les indications pour Fabro Scalo, puis pour Monteleone d&rsquo;Orvieto.    <\/p>\t\t\t\t\t\t\t\t<\/div>\n\t\t\t\t<\/div>\n\t\t\t\t<\/div>\n\t\t<div class=\"elementor-element elementor-element-daae7df e-con-full e-flex e-con e-child\" data-id=\"daae7df\" data-element_type=\"container\" data-settings=\"{&quot;background_background&quot;:&quot;classic&quot;}\">\n\t\t\t\t<div class=\"elementor-element elementor-element-6f6772d elementor-widget elementor-widget-spacer\" data-id=\"6f6772d\" data-element_type=\"widget\" data-widget_type=\"spacer.default\">\n\t\t\t\t<div class=\"elementor-widget-container\">\n\t\t\t\t\t\t\t<div class=\"elementor-spacer\">\n\t\t\t<div class=\"elementor-spacer-inner\"><\/div>\n\t\t<\/div>\n\t\t\t\t\t\t<\/div>\n\t\t\t\t<\/div>\n\t\t\t\t<\/div>\n\t\t\t\t\t<\/div>\n\t\t\t\t<\/div>\n\t\t\t\t<\/div>\n\t\t\t\t<\/div>\n\t\t","protected":false},"excerpt":{"rendered":"<p>LIEUX \u00c1 VISITER Itin\u00e9raire 3 Agriturismo Cornieto \u2013 Sienne \u2013 Buonconvento \u2013 Radicofani \u2013 S.Casciano \u2013 Agriturismo Cornieto (environ 220 km) Apr\u00e8s avoir quitt\u00e9 la ferme Cornieto et rejoint la route nationale, tournez \u00e0 gauche en direction de Fabro Scalo et prenez l&rsquo;A1 en direction de Florence. Apr\u00e8s environ 40 km, sortez \u00e0 Val di [&hellip;]<\/p>\n","protected":false},"author":1,"featured_media":0,"parent":15520,"menu_order":0,"comment_status":"closed","ping_status":"closed","template":"","meta":{"_acf_changed":false,"_joinchat":[],"footnotes":""},"class_list":["post-15527","page","type-page","status-publish","hentry"],"acf":[],"yoast_head":"<!-- This site is optimized with the Yoast SEO plugin v25.3.1 - https:\/\/yoast.com\/wordpress\/plugins\/seo\/ -->\n<title>Itin\u00e9raire 3 - Agriturismo Biologico Cornieto<\/title>\n<meta name=\"description\" content=\"Agriturismo &quot;Cornieto&quot;: un&#039;oasi di quiete, silenzio e relax, immersa nelle campagne di Monteleone d&#039;Orvieto, un&#039;intera collina tra l&#039;Umbria e la Toscana.\" \/>\n<meta name=\"robots\" content=\"index, follow, max-snippet:-1, max-image-preview:large, max-video-preview:-1\" \/>\n<link rel=\"canonical\" href=\"https:\/\/demosite10.dominimarketing01.it\/dintorni\/itinerario-3\/\" \/>\n<meta property=\"og:locale\" content=\"fr_FR\" \/>\n<meta property=\"og:type\" content=\"article\" \/>\n<meta property=\"og:title\" content=\"Itin\u00e9raire 3 - Agriturismo Biologico Cornieto\" \/>\n<meta property=\"og:description\" content=\"Agriturismo &quot;Cornieto&quot;: un&#039;oasi di quiete, silenzio e relax, immersa nelle campagne di Monteleone d&#039;Orvieto, un&#039;intera collina tra l&#039;Umbria e la Toscana.\" \/>\n<meta property=\"og:url\" content=\"https:\/\/demosite10.dominimarketing01.it\/dintorni\/itinerario-3\/\" \/>\n<meta property=\"og:site_name\" content=\"Agriturismo Biologico Cornieto\" \/>\n<meta property=\"article:modified_time\" content=\"2025-06-19T07:55:46+00:00\" \/>\n<meta name=\"twitter:card\" content=\"summary_large_image\" \/>\n<meta name=\"twitter:label1\" content=\"Dur\u00e9e de lecture estim\u00e9e\" \/>\n\t<meta name=\"twitter:data1\" content=\"2 minutes\" \/>\n<script type=\"application\/ld+json\" class=\"yoast-schema-graph\">{\"@context\":\"https:\/\/schema.org\",\"@graph\":[{\"@type\":\"WebPage\",\"@id\":\"https:\/\/demosite10.dominimarketing01.it\/dintorni\/itinerario-3\/\",\"url\":\"https:\/\/demosite10.dominimarketing01.it\/dintorni\/itinerario-3\/\",\"name\":\"Itin\u00e9raire 3 - Agriturismo Biologico Cornieto\",\"isPartOf\":{\"@id\":\"https:\/\/demosite10.dominimarketing01.it\/#website\"},\"datePublished\":\"2014-01-23T12:11:39+00:00\",\"dateModified\":\"2025-06-19T07:55:46+00:00\",\"description\":\"Agriturismo \\\"Cornieto\\\": un'oasi di quiete, silenzio e relax, immersa nelle campagne di Monteleone d'Orvieto, un'intera collina tra l'Umbria e la Toscana.\",\"breadcrumb\":{\"@id\":\"https:\/\/demosite10.dominimarketing01.it\/dintorni\/itinerario-3\/#breadcrumb\"},\"inLanguage\":\"fr-FR\",\"potentialAction\":[{\"@type\":\"ReadAction\",\"target\":[\"https:\/\/demosite10.dominimarketing01.it\/dintorni\/itinerario-3\/\"]}]},{\"@type\":\"BreadcrumbList\",\"@id\":\"https:\/\/demosite10.dominimarketing01.it\/dintorni\/itinerario-3\/#breadcrumb\",\"itemListElement\":[{\"@type\":\"ListItem\",\"position\":1,\"name\":\"Home\",\"item\":\"https:\/\/demosite10.dominimarketing01.it\/\"},{\"@type\":\"ListItem\",\"position\":2,\"name\":\"ALENTOURS\",\"item\":\"https:\/\/demosite10.dominimarketing01.it\/dintorni\/\"},{\"@type\":\"ListItem\",\"position\":3,\"name\":\"Itin\u00e9raire 3\"}]},{\"@type\":\"WebSite\",\"@id\":\"https:\/\/demosite10.dominimarketing01.it\/#website\",\"url\":\"https:\/\/demosite10.dominimarketing01.it\/\",\"name\":\"Agriturismo Biologico Cornieto\",\"description\":\"Agriturismo a Orvieto\",\"publisher\":{\"@id\":\"https:\/\/demosite10.dominimarketing01.it\/#organization\"},\"potentialAction\":[{\"@type\":\"SearchAction\",\"target\":{\"@type\":\"EntryPoint\",\"urlTemplate\":\"https:\/\/demosite10.dominimarketing01.it\/?s={search_term_string}\"},\"query-input\":{\"@type\":\"PropertyValueSpecification\",\"valueRequired\":true,\"valueName\":\"search_term_string\"}}],\"inLanguage\":\"fr-FR\"},{\"@type\":\"Organization\",\"@id\":\"https:\/\/demosite10.dominimarketing01.it\/#organization\",\"name\":\"Agriturismo Biologico Cornieto\",\"url\":\"https:\/\/demosite10.dominimarketing01.it\/\",\"logo\":{\"@type\":\"ImageObject\",\"inLanguage\":\"fr-FR\",\"@id\":\"https:\/\/demosite10.dominimarketing01.it\/#\/schema\/logo\/image\/\",\"url\":\"https:\/\/demosite10.dominimarketing01.it\/wp-content\/uploads\/2025\/03\/logocornietobianco-2.png\",\"contentUrl\":\"https:\/\/demosite10.dominimarketing01.it\/wp-content\/uploads\/2025\/03\/logocornietobianco-2.png\",\"width\":1411,\"height\":496,\"caption\":\"Agriturismo Biologico Cornieto\"},\"image\":{\"@id\":\"https:\/\/demosite10.dominimarketing01.it\/#\/schema\/logo\/image\/\"}}]}<\/script>\n<!-- \/ Yoast SEO plugin. -->","yoast_head_json":{"title":"Itin\u00e9raire 3 - Agriturismo Biologico Cornieto","description":"Agriturismo \"Cornieto\": un'oasi di quiete, silenzio e relax, immersa nelle campagne di Monteleone d'Orvieto, un'intera collina tra l'Umbria e la Toscana.","robots":{"index":"index","follow":"follow","max-snippet":"max-snippet:-1","max-image-preview":"max-image-preview:large","max-video-preview":"max-video-preview:-1"},"canonical":"https:\/\/demosite10.dominimarketing01.it\/dintorni\/itinerario-3\/","og_locale":"fr_FR","og_type":"article","og_title":"Itin\u00e9raire 3 - Agriturismo Biologico Cornieto","og_description":"Agriturismo \"Cornieto\": un'oasi di quiete, silenzio e relax, immersa nelle campagne di Monteleone d'Orvieto, un'intera collina tra l'Umbria e la Toscana.","og_url":"https:\/\/demosite10.dominimarketing01.it\/dintorni\/itinerario-3\/","og_site_name":"Agriturismo Biologico Cornieto","article_modified_time":"2025-06-19T07:55:46+00:00","twitter_card":"summary_large_image","twitter_misc":{"Dur\u00e9e de lecture estim\u00e9e":"2 minutes"},"schema":{"@context":"https:\/\/schema.org","@graph":[{"@type":"WebPage","@id":"https:\/\/demosite10.dominimarketing01.it\/dintorni\/itinerario-3\/","url":"https:\/\/demosite10.dominimarketing01.it\/dintorni\/itinerario-3\/","name":"Itin\u00e9raire 3 - Agriturismo Biologico Cornieto","isPartOf":{"@id":"https:\/\/demosite10.dominimarketing01.it\/#website"},"datePublished":"2014-01-23T12:11:39+00:00","dateModified":"2025-06-19T07:55:46+00:00","description":"Agriturismo \"Cornieto\": un'oasi di quiete, silenzio e relax, immersa nelle campagne di Monteleone d'Orvieto, un'intera collina tra l'Umbria e la Toscana.","breadcrumb":{"@id":"https:\/\/demosite10.dominimarketing01.it\/dintorni\/itinerario-3\/#breadcrumb"},"inLanguage":"fr-FR","potentialAction":[{"@type":"ReadAction","target":["https:\/\/demosite10.dominimarketing01.it\/dintorni\/itinerario-3\/"]}]},{"@type":"BreadcrumbList","@id":"https:\/\/demosite10.dominimarketing01.it\/dintorni\/itinerario-3\/#breadcrumb","itemListElement":[{"@type":"ListItem","position":1,"name":"Home","item":"https:\/\/demosite10.dominimarketing01.it\/"},{"@type":"ListItem","position":2,"name":"ALENTOURS","item":"https:\/\/demosite10.dominimarketing01.it\/dintorni\/"},{"@type":"ListItem","position":3,"name":"Itin\u00e9raire 3"}]},{"@type":"WebSite","@id":"https:\/\/demosite10.dominimarketing01.it\/#website","url":"https:\/\/demosite10.dominimarketing01.it\/","name":"Agriturismo Biologico Cornieto","description":"Agriturismo a Orvieto","publisher":{"@id":"https:\/\/demosite10.dominimarketing01.it\/#organization"},"potentialAction":[{"@type":"SearchAction","target":{"@type":"EntryPoint","urlTemplate":"https:\/\/demosite10.dominimarketing01.it\/?s={search_term_string}"},"query-input":{"@type":"PropertyValueSpecification","valueRequired":true,"valueName":"search_term_string"}}],"inLanguage":"fr-FR"},{"@type":"Organization","@id":"https:\/\/demosite10.dominimarketing01.it\/#organization","name":"Agriturismo Biologico Cornieto","url":"https:\/\/demosite10.dominimarketing01.it\/","logo":{"@type":"ImageObject","inLanguage":"fr-FR","@id":"https:\/\/demosite10.dominimarketing01.it\/#\/schema\/logo\/image\/","url":"https:\/\/demosite10.dominimarketing01.it\/wp-content\/uploads\/2025\/03\/logocornietobianco-2.png","contentUrl":"https:\/\/demosite10.dominimarketing01.it\/wp-content\/uploads\/2025\/03\/logocornietobianco-2.png","width":1411,"height":496,"caption":"Agriturismo Biologico Cornieto"},"image":{"@id":"https:\/\/demosite10.dominimarketing01.it\/#\/schema\/logo\/image\/"}}]}},"_links":{"self":[{"href":"https:\/\/demosite10.dominimarketing01.it\/fr\/wp-json\/wp\/v2\/pages\/15527","targetHints":{"allow":["GET"]}}],"collection":[{"href":"https:\/\/demosite10.dominimarketing01.it\/fr\/wp-json\/wp\/v2\/pages"}],"about":[{"href":"https:\/\/demosite10.dominimarketing01.it\/fr\/wp-json\/wp\/v2\/types\/page"}],"author":[{"embeddable":true,"href":"https:\/\/demosite10.dominimarketing01.it\/fr\/wp-json\/wp\/v2\/users\/1"}],"replies":[{"embeddable":true,"href":"https:\/\/demosite10.dominimarketing01.it\/fr\/wp-json\/wp\/v2\/comments?post=15527"}],"version-history":[{"count":1,"href":"https:\/\/demosite10.dominimarketing01.it\/fr\/wp-json\/wp\/v2\/pages\/15527\/revisions"}],"predecessor-version":[{"id":15528,"href":"https:\/\/demosite10.dominimarketing01.it\/fr\/wp-json\/wp\/v2\/pages\/15527\/revisions\/15528"}],"up":[{"embeddable":true,"href":"https:\/\/demosite10.dominimarketing01.it\/fr\/wp-json\/wp\/v2\/pages\/15520"}],"wp:attachment":[{"href":"https:\/\/demosite10.dominimarketing01.it\/fr\/wp-json\/wp\/v2\/media?parent=15527"}],"curies":[{"name":"wp","href":"https:\/\/api.w.org\/{rel}","templated":true}]}}