{"id":15524,"date":"2014-01-23T12:08:45","date_gmt":"2014-01-23T12:08:45","guid":{"rendered":"https:\/\/demosite10.dominimarketing01.it\/alentours\/itineraire-2\/"},"modified":"2025-06-19T07:54:10","modified_gmt":"2025-06-19T07:54:10","slug":"itineraire-2","status":"publish","type":"page","link":"https:\/\/demosite10.dominimarketing01.it\/fr\/alentours\/itineraire-2\/","title":{"rendered":"Itin\u00e9raire 2"},"content":{"rendered":"\t\t<div data-elementor-type=\"wp-page\" data-elementor-id=\"15524\" class=\"elementor elementor-15524 elementor-1763\" data-elementor-post-type=\"page\">\n\t\t\t\t<div class=\"elementor-element elementor-element-cdf0c6e e-con-full e-flex e-con e-parent\" data-id=\"cdf0c6e\" data-element_type=\"container\" data-settings=\"{&quot;background_background&quot;:&quot;classic&quot;}\">\n\t\t\t\t<div class=\"elementor-element elementor-element-00bf88d elementor-widget elementor-widget-heading\" data-id=\"00bf88d\" data-element_type=\"widget\" data-widget_type=\"heading.default\">\n\t\t\t\t<div class=\"elementor-widget-container\">\n\t\t\t\t\t<h1 class=\"elementor-heading-title elementor-size-default\">LIEUX \u00c1 VISITER<\/h1>\t\t\t\t<\/div>\n\t\t\t\t<\/div>\n\t\t\t\t<div class=\"elementor-element elementor-element-562dc93 elementor-widget elementor-widget-text-editor\" data-id=\"562dc93\" data-element_type=\"widget\" data-widget_type=\"text-editor.default\">\n\t\t\t\t<div class=\"elementor-widget-container\">\n\t\t\t\t\t\t\t\t\t<p>Itin\u00e9raire 2<\/p>\t\t\t\t\t\t\t\t<\/div>\n\t\t\t\t<\/div>\n\t\t\t\t<\/div>\n\t\t<div class=\"elementor-element elementor-element-f9f981b e-con-full e-flex e-con e-parent\" data-id=\"f9f981b\" data-element_type=\"container\" data-settings=\"{&quot;background_background&quot;:&quot;classic&quot;}\">\n\t\t<div class=\"elementor-element elementor-element-919d6d0 e-flex e-con-boxed e-con e-child\" data-id=\"919d6d0\" data-element_type=\"container\">\n\t\t\t\t\t<div class=\"e-con-inner\">\n\t\t\t\t<div class=\"elementor-element elementor-element-1abecce elementor-widget elementor-widget-heading\" data-id=\"1abecce\" data-element_type=\"widget\" data-widget_type=\"heading.default\">\n\t\t\t\t<div class=\"elementor-widget-container\">\n\t\t\t\t\t<h2 class=\"elementor-heading-title elementor-size-default\">Agriturismo Cornieto \u2013 Orvieto \u2013 Lac de Bolsena \u2013 Orvieto \u2013 Ch\u00e2teau de Sala - Ficulle \u2013 Agriturismo Cornieto (environ 120 km)<\/h2>\t\t\t\t<\/div>\n\t\t\t\t<\/div>\n\t\t\t\t\t<\/div>\n\t\t\t\t<\/div>\n\t\t<div class=\"elementor-element elementor-element-0534191 e-flex e-con-boxed e-con e-child\" data-id=\"0534191\" data-element_type=\"container\">\n\t\t\t\t\t<div class=\"e-con-inner\">\n\t\t<div class=\"elementor-element elementor-element-b41d3f5 e-con-full e-flex e-con e-child\" data-id=\"b41d3f5\" data-element_type=\"container\" data-settings=\"{&quot;background_background&quot;:&quot;classic&quot;}\">\n\t\t\t\t<div class=\"elementor-element elementor-element-6fed3db elementor-widget elementor-widget-spacer\" data-id=\"6fed3db\" data-element_type=\"widget\" data-widget_type=\"spacer.default\">\n\t\t\t\t<div class=\"elementor-widget-container\">\n\t\t\t\t\t\t\t<div class=\"elementor-spacer\">\n\t\t\t<div class=\"elementor-spacer-inner\"><\/div>\n\t\t<\/div>\n\t\t\t\t\t\t<\/div>\n\t\t\t\t<\/div>\n\t\t\t\t<\/div>\n\t\t<div class=\"elementor-element elementor-element-bb3facc e-con-full e-flex e-con e-child\" data-id=\"bb3facc\" data-element_type=\"container\">\n\t\t\t\t<div class=\"elementor-element elementor-element-b25500c elementor-widget elementor-widget-text-editor\" data-id=\"b25500c\" data-element_type=\"widget\" data-widget_type=\"text-editor.default\">\n\t\t\t\t<div class=\"elementor-widget-container\">\n\t\t\t\t\t\t\t\t\t<p>Apr\u00e8s avoir quitt\u00e9 la ferme Cornieto et rejoint la route nationale, tournez \u00e0 gauche en direction de Fabro Scalo et prenez l&rsquo;autoroute A1, p\u00e9age de Fabro, en direction du sud, apr\u00e8s seulement 15 km. Une imposante \u00e9l\u00e9vation de tuf se dresse d\u00e9j\u00e0 devant vous dans la vall\u00e9e de la Paglia, qui semble offrir sur un immense plateau l&rsquo;un des centres d&rsquo;art les plus pr\u00e9cieux d&rsquo;Italie : Orvieto. Le tissu urbain de la ville est enti\u00e8rement m\u00e9di\u00e9val, datant notamment des XIIIe et XIVe si\u00e8cles. L&rsquo;\u00e9glise la plus pr\u00e9cieuse d&rsquo;Orvieto est la cath\u00e9drale, construite en 1290 en comm\u00e9moration du \u00ab miracle de Bolsena \u00bb, lorsque le sang d&rsquo;une hostie consacr\u00e9e commen\u00e7a \u00e0 couler et souilla les linges sacr\u00e9s. Ne manquez pas le \u00ab puits de Saint-Patrick \u00bb, enti\u00e8rement creus\u00e9 dans le tuf. Ce projet fut command\u00e9 par le pape Cl\u00e9ment VII et r\u00e9alis\u00e9 par Antonio da San Gallo le Jeune. D&rsquo;importants mus\u00e9es, tels que le \u00ab Faina \u00bb et le \u00ab Civico \u00bb, pr\u00e9sentent des vestiges \u00e9trusques d&rsquo;une valeur consid\u00e9rable. Le \u00ab Palazzo del Popolo \u00bb est la plus grande \u0153uvre civile du Moyen \u00c2ge \u00e0 Orvieto. Le quartier de \u00ab San Giovenale \u00bb est particuli\u00e8rement suggestif.       <\/p>\t\t\t\t\t\t\t\t<\/div>\n\t\t\t\t<\/div>\n\t\t\t\t<\/div>\n\t\t\t\t\t<\/div>\n\t\t\t\t<\/div>\n\t\t<div class=\"elementor-element elementor-element-fa12d5e e-flex e-con-boxed e-con e-child\" data-id=\"fa12d5e\" data-element_type=\"container\">\n\t\t\t\t\t<div class=\"e-con-inner\">\n\t\t<div class=\"elementor-element elementor-element-1f88a0a e-con-full e-flex e-con e-child\" data-id=\"1f88a0a\" data-element_type=\"container\">\n\t\t\t\t<div class=\"elementor-element elementor-element-2a0c1f9 elementor-widget elementor-widget-text-editor\" data-id=\"2a0c1f9\" data-element_type=\"widget\" data-widget_type=\"text-editor.default\">\n\t\t\t\t<div class=\"elementor-widget-container\">\n\t\t\t\t\t\t\t\t\t<p>En redescendant du centre historique, suivez les indications pour Bolsena, autre village \u00e9trusque et m\u00e9di\u00e9val situ\u00e9 sur la rive nord-est du lac du m\u00eame nom. La structure urbaine d\u00e9rive de la reconstruction m\u00e9di\u00e9vale de l&rsquo;ancienne Volsini, ras\u00e9e par les barbares qui l&rsquo;envahirent apr\u00e8s le d\u00e9clin de la puissance romaine. Autour de cette grande \u00e9tendue d&rsquo;eau d&rsquo;origine volcanique, se trouvent des villages d&rsquo;un int\u00e9r\u00eat suggestif, notamment pour leurs vues spectaculaires sur le lac et ses \u00eeles : Gradoli, Marta et Capodimonte. Au retour, une fois arriv\u00e9 \u00e0 Orvieto Scalo, au lieu de prendre l&rsquo;A1 en direction du nord pour rejoindre Fabro Scalo, passez par le Castello della Sala et Ficulle, un ancien village connu pour le travail de l&rsquo;argile et les \u00ab cocci \u00bb (poteries et amphores culinaires sont les produits typiques). En terminant l&rsquo;itin\u00e9raire par Fabro Scalo, il ne reste plus que 8 km \u00e0 parcourir ! Pour rejoindre la ferme Cornieto, suivez les indications pour Monteleone d&rsquo;Orvieto.     <\/p>\t\t\t\t\t\t\t\t<\/div>\n\t\t\t\t<\/div>\n\t\t\t\t<\/div>\n\t\t<div class=\"elementor-element elementor-element-fef5d19 e-con-full e-flex e-con e-child\" data-id=\"fef5d19\" data-element_type=\"container\" data-settings=\"{&quot;background_background&quot;:&quot;classic&quot;}\">\n\t\t\t\t<div class=\"elementor-element elementor-element-85e760a elementor-widget elementor-widget-spacer\" data-id=\"85e760a\" data-element_type=\"widget\" data-widget_type=\"spacer.default\">\n\t\t\t\t<div class=\"elementor-widget-container\">\n\t\t\t\t\t\t\t<div class=\"elementor-spacer\">\n\t\t\t<div class=\"elementor-spacer-inner\"><\/div>\n\t\t<\/div>\n\t\t\t\t\t\t<\/div>\n\t\t\t\t<\/div>\n\t\t\t\t<\/div>\n\t\t\t\t\t<\/div>\n\t\t\t\t<\/div>\n\t\t\t\t<\/div>\n\t\t\t\t<\/div>\n\t\t","protected":false},"excerpt":{"rendered":"<p>LIEUX \u00c1 VISITER Itin\u00e9raire 2 Agriturismo Cornieto \u2013 Orvieto \u2013 Lac de Bolsena \u2013 Orvieto \u2013 Ch\u00e2teau de Sala &#8211; Ficulle \u2013 Agriturismo Cornieto (environ 120 km) Apr\u00e8s avoir quitt\u00e9 la ferme Cornieto et rejoint la route nationale, tournez \u00e0 gauche en direction de Fabro Scalo et prenez l&rsquo;autoroute A1, p\u00e9age de Fabro, en direction [&hellip;]<\/p>\n","protected":false},"author":1,"featured_media":0,"parent":15520,"menu_order":0,"comment_status":"closed","ping_status":"closed","template":"","meta":{"_acf_changed":false,"_joinchat":[],"footnotes":""},"class_list":["post-15524","page","type-page","status-publish","hentry"],"acf":[],"yoast_head":"<!-- This site is optimized with the Yoast SEO plugin v25.3.1 - https:\/\/yoast.com\/wordpress\/plugins\/seo\/ -->\n<title>Itin\u00e9raire 2 - Agriturismo Biologico Cornieto<\/title>\n<meta name=\"description\" content=\"Agriturismo &quot;Cornieto&quot;: un&#039;oasi di quiete, silenzio e relax, immersa nelle campagne di Monteleone d&#039;Orvieto, un&#039;intera collina tra l&#039;Umbria e la Toscana.\" \/>\n<meta name=\"robots\" content=\"index, follow, max-snippet:-1, max-image-preview:large, max-video-preview:-1\" \/>\n<link rel=\"canonical\" href=\"https:\/\/demosite10.dominimarketing01.it\/dintorni\/itinerario-2\/\" \/>\n<meta property=\"og:locale\" content=\"fr_FR\" \/>\n<meta property=\"og:type\" content=\"article\" \/>\n<meta property=\"og:title\" content=\"Itin\u00e9raire 2 - Agriturismo Biologico Cornieto\" \/>\n<meta property=\"og:description\" content=\"Agriturismo &quot;Cornieto&quot;: un&#039;oasi di quiete, silenzio e relax, immersa nelle campagne di Monteleone d&#039;Orvieto, un&#039;intera collina tra l&#039;Umbria e la Toscana.\" \/>\n<meta property=\"og:url\" content=\"https:\/\/demosite10.dominimarketing01.it\/dintorni\/itinerario-2\/\" \/>\n<meta property=\"og:site_name\" content=\"Agriturismo Biologico Cornieto\" \/>\n<meta property=\"article:modified_time\" content=\"2025-06-19T07:54:10+00:00\" \/>\n<meta name=\"twitter:card\" content=\"summary_large_image\" \/>\n<meta name=\"twitter:label1\" content=\"Dur\u00e9e de lecture estim\u00e9e\" \/>\n\t<meta name=\"twitter:data1\" content=\"2 minutes\" \/>\n<script type=\"application\/ld+json\" class=\"yoast-schema-graph\">{\"@context\":\"https:\/\/schema.org\",\"@graph\":[{\"@type\":\"WebPage\",\"@id\":\"https:\/\/demosite10.dominimarketing01.it\/dintorni\/itinerario-2\/\",\"url\":\"https:\/\/demosite10.dominimarketing01.it\/dintorni\/itinerario-2\/\",\"name\":\"Itin\u00e9raire 2 - Agriturismo Biologico Cornieto\",\"isPartOf\":{\"@id\":\"https:\/\/demosite10.dominimarketing01.it\/#website\"},\"datePublished\":\"2014-01-23T12:08:45+00:00\",\"dateModified\":\"2025-06-19T07:54:10+00:00\",\"description\":\"Agriturismo \\\"Cornieto\\\": un'oasi di quiete, silenzio e relax, immersa nelle campagne di Monteleone d'Orvieto, un'intera collina tra l'Umbria e la Toscana.\",\"breadcrumb\":{\"@id\":\"https:\/\/demosite10.dominimarketing01.it\/dintorni\/itinerario-2\/#breadcrumb\"},\"inLanguage\":\"fr-FR\",\"potentialAction\":[{\"@type\":\"ReadAction\",\"target\":[\"https:\/\/demosite10.dominimarketing01.it\/dintorni\/itinerario-2\/\"]}]},{\"@type\":\"BreadcrumbList\",\"@id\":\"https:\/\/demosite10.dominimarketing01.it\/dintorni\/itinerario-2\/#breadcrumb\",\"itemListElement\":[{\"@type\":\"ListItem\",\"position\":1,\"name\":\"Home\",\"item\":\"https:\/\/demosite10.dominimarketing01.it\/\"},{\"@type\":\"ListItem\",\"position\":2,\"name\":\"ALENTOURS\",\"item\":\"https:\/\/demosite10.dominimarketing01.it\/dintorni\/\"},{\"@type\":\"ListItem\",\"position\":3,\"name\":\"Itin\u00e9raire 2\"}]},{\"@type\":\"WebSite\",\"@id\":\"https:\/\/demosite10.dominimarketing01.it\/#website\",\"url\":\"https:\/\/demosite10.dominimarketing01.it\/\",\"name\":\"Agriturismo Biologico Cornieto\",\"description\":\"Agriturismo a Orvieto\",\"publisher\":{\"@id\":\"https:\/\/demosite10.dominimarketing01.it\/#organization\"},\"potentialAction\":[{\"@type\":\"SearchAction\",\"target\":{\"@type\":\"EntryPoint\",\"urlTemplate\":\"https:\/\/demosite10.dominimarketing01.it\/?s={search_term_string}\"},\"query-input\":{\"@type\":\"PropertyValueSpecification\",\"valueRequired\":true,\"valueName\":\"search_term_string\"}}],\"inLanguage\":\"fr-FR\"},{\"@type\":\"Organization\",\"@id\":\"https:\/\/demosite10.dominimarketing01.it\/#organization\",\"name\":\"Agriturismo Biologico Cornieto\",\"url\":\"https:\/\/demosite10.dominimarketing01.it\/\",\"logo\":{\"@type\":\"ImageObject\",\"inLanguage\":\"fr-FR\",\"@id\":\"https:\/\/demosite10.dominimarketing01.it\/#\/schema\/logo\/image\/\",\"url\":\"https:\/\/demosite10.dominimarketing01.it\/wp-content\/uploads\/2025\/03\/logocornietobianco-2.png\",\"contentUrl\":\"https:\/\/demosite10.dominimarketing01.it\/wp-content\/uploads\/2025\/03\/logocornietobianco-2.png\",\"width\":1411,\"height\":496,\"caption\":\"Agriturismo Biologico Cornieto\"},\"image\":{\"@id\":\"https:\/\/demosite10.dominimarketing01.it\/#\/schema\/logo\/image\/\"}}]}<\/script>\n<!-- \/ Yoast SEO plugin. -->","yoast_head_json":{"title":"Itin\u00e9raire 2 - Agriturismo Biologico Cornieto","description":"Agriturismo \"Cornieto\": un'oasi di quiete, silenzio e relax, immersa nelle campagne di Monteleone d'Orvieto, un'intera collina tra l'Umbria e la Toscana.","robots":{"index":"index","follow":"follow","max-snippet":"max-snippet:-1","max-image-preview":"max-image-preview:large","max-video-preview":"max-video-preview:-1"},"canonical":"https:\/\/demosite10.dominimarketing01.it\/dintorni\/itinerario-2\/","og_locale":"fr_FR","og_type":"article","og_title":"Itin\u00e9raire 2 - Agriturismo Biologico Cornieto","og_description":"Agriturismo \"Cornieto\": un'oasi di quiete, silenzio e relax, immersa nelle campagne di Monteleone d'Orvieto, un'intera collina tra l'Umbria e la Toscana.","og_url":"https:\/\/demosite10.dominimarketing01.it\/dintorni\/itinerario-2\/","og_site_name":"Agriturismo Biologico Cornieto","article_modified_time":"2025-06-19T07:54:10+00:00","twitter_card":"summary_large_image","twitter_misc":{"Dur\u00e9e de lecture estim\u00e9e":"2 minutes"},"schema":{"@context":"https:\/\/schema.org","@graph":[{"@type":"WebPage","@id":"https:\/\/demosite10.dominimarketing01.it\/dintorni\/itinerario-2\/","url":"https:\/\/demosite10.dominimarketing01.it\/dintorni\/itinerario-2\/","name":"Itin\u00e9raire 2 - Agriturismo Biologico Cornieto","isPartOf":{"@id":"https:\/\/demosite10.dominimarketing01.it\/#website"},"datePublished":"2014-01-23T12:08:45+00:00","dateModified":"2025-06-19T07:54:10+00:00","description":"Agriturismo \"Cornieto\": un'oasi di quiete, silenzio e relax, immersa nelle campagne di Monteleone d'Orvieto, un'intera collina tra l'Umbria e la Toscana.","breadcrumb":{"@id":"https:\/\/demosite10.dominimarketing01.it\/dintorni\/itinerario-2\/#breadcrumb"},"inLanguage":"fr-FR","potentialAction":[{"@type":"ReadAction","target":["https:\/\/demosite10.dominimarketing01.it\/dintorni\/itinerario-2\/"]}]},{"@type":"BreadcrumbList","@id":"https:\/\/demosite10.dominimarketing01.it\/dintorni\/itinerario-2\/#breadcrumb","itemListElement":[{"@type":"ListItem","position":1,"name":"Home","item":"https:\/\/demosite10.dominimarketing01.it\/"},{"@type":"ListItem","position":2,"name":"ALENTOURS","item":"https:\/\/demosite10.dominimarketing01.it\/dintorni\/"},{"@type":"ListItem","position":3,"name":"Itin\u00e9raire 2"}]},{"@type":"WebSite","@id":"https:\/\/demosite10.dominimarketing01.it\/#website","url":"https:\/\/demosite10.dominimarketing01.it\/","name":"Agriturismo Biologico Cornieto","description":"Agriturismo a Orvieto","publisher":{"@id":"https:\/\/demosite10.dominimarketing01.it\/#organization"},"potentialAction":[{"@type":"SearchAction","target":{"@type":"EntryPoint","urlTemplate":"https:\/\/demosite10.dominimarketing01.it\/?s={search_term_string}"},"query-input":{"@type":"PropertyValueSpecification","valueRequired":true,"valueName":"search_term_string"}}],"inLanguage":"fr-FR"},{"@type":"Organization","@id":"https:\/\/demosite10.dominimarketing01.it\/#organization","name":"Agriturismo Biologico Cornieto","url":"https:\/\/demosite10.dominimarketing01.it\/","logo":{"@type":"ImageObject","inLanguage":"fr-FR","@id":"https:\/\/demosite10.dominimarketing01.it\/#\/schema\/logo\/image\/","url":"https:\/\/demosite10.dominimarketing01.it\/wp-content\/uploads\/2025\/03\/logocornietobianco-2.png","contentUrl":"https:\/\/demosite10.dominimarketing01.it\/wp-content\/uploads\/2025\/03\/logocornietobianco-2.png","width":1411,"height":496,"caption":"Agriturismo Biologico Cornieto"},"image":{"@id":"https:\/\/demosite10.dominimarketing01.it\/#\/schema\/logo\/image\/"}}]}},"_links":{"self":[{"href":"https:\/\/demosite10.dominimarketing01.it\/fr\/wp-json\/wp\/v2\/pages\/15524","targetHints":{"allow":["GET"]}}],"collection":[{"href":"https:\/\/demosite10.dominimarketing01.it\/fr\/wp-json\/wp\/v2\/pages"}],"about":[{"href":"https:\/\/demosite10.dominimarketing01.it\/fr\/wp-json\/wp\/v2\/types\/page"}],"author":[{"embeddable":true,"href":"https:\/\/demosite10.dominimarketing01.it\/fr\/wp-json\/wp\/v2\/users\/1"}],"replies":[{"embeddable":true,"href":"https:\/\/demosite10.dominimarketing01.it\/fr\/wp-json\/wp\/v2\/comments?post=15524"}],"version-history":[{"count":1,"href":"https:\/\/demosite10.dominimarketing01.it\/fr\/wp-json\/wp\/v2\/pages\/15524\/revisions"}],"predecessor-version":[{"id":15525,"href":"https:\/\/demosite10.dominimarketing01.it\/fr\/wp-json\/wp\/v2\/pages\/15524\/revisions\/15525"}],"up":[{"embeddable":true,"href":"https:\/\/demosite10.dominimarketing01.it\/fr\/wp-json\/wp\/v2\/pages\/15520"}],"wp:attachment":[{"href":"https:\/\/demosite10.dominimarketing01.it\/fr\/wp-json\/wp\/v2\/media?parent=15524"}],"curies":[{"name":"wp","href":"https:\/\/api.w.org\/{rel}","templated":true}]}}