{"id":15521,"date":"2014-01-23T12:06:08","date_gmt":"2014-01-23T12:06:08","guid":{"rendered":"https:\/\/demosite10.dominimarketing01.it\/alentours\/itineraire-1\/"},"modified":"2025-06-18T15:41:17","modified_gmt":"2025-06-18T15:41:17","slug":"itineraire-1","status":"publish","type":"page","link":"https:\/\/demosite10.dominimarketing01.it\/fr\/alentours\/itineraire-1\/","title":{"rendered":"Itin\u00e9raire 1"},"content":{"rendered":"\t\t<div data-elementor-type=\"wp-page\" data-elementor-id=\"15521\" class=\"elementor elementor-15521 elementor-1761\" data-elementor-post-type=\"page\">\n\t\t\t\t<div class=\"elementor-element elementor-element-edcf2f4 e-con-full e-flex e-con e-parent\" data-id=\"edcf2f4\" data-element_type=\"container\" data-settings=\"{&quot;background_background&quot;:&quot;classic&quot;}\">\n\t\t\t\t<div class=\"elementor-element elementor-element-cc65589 elementor-widget elementor-widget-heading\" data-id=\"cc65589\" data-element_type=\"widget\" data-widget_type=\"heading.default\">\n\t\t\t\t<div class=\"elementor-widget-container\">\n\t\t\t\t\t<h1 class=\"elementor-heading-title elementor-size-default\">LIEUX \u00c1 VISITER<\/h1>\t\t\t\t<\/div>\n\t\t\t\t<\/div>\n\t\t\t\t<div class=\"elementor-element elementor-element-16dd1a3 elementor-widget elementor-widget-text-editor\" data-id=\"16dd1a3\" data-element_type=\"widget\" data-widget_type=\"text-editor.default\">\n\t\t\t\t<div class=\"elementor-widget-container\">\n\t\t\t\t\t\t\t\t\t<p>Itin\u00e9raire 1<\/p>\t\t\t\t\t\t\t\t<\/div>\n\t\t\t\t<\/div>\n\t\t\t\t<\/div>\n\t\t<div class=\"elementor-element elementor-element-ae71a85 e-con-full e-flex e-con e-parent\" data-id=\"ae71a85\" data-element_type=\"container\" data-settings=\"{&quot;background_background&quot;:&quot;classic&quot;}\">\n\t\t<div class=\"elementor-element elementor-element-3f3dcc3 e-flex e-con-boxed e-con e-child\" data-id=\"3f3dcc3\" data-element_type=\"container\">\n\t\t\t\t\t<div class=\"e-con-inner\">\n\t\t\t\t<div class=\"elementor-element elementor-element-c3f596a elementor-widget elementor-widget-heading\" data-id=\"c3f596a\" data-element_type=\"widget\" data-widget_type=\"heading.default\">\n\t\t\t\t<div class=\"elementor-widget-container\">\n\t\t\t\t\t<h2 class=\"elementor-heading-title elementor-size-default\">Agriturismo Cornieto \u2013 Montepulciano \u2013 Pienza \u2013 Montalcino \u2013 et retour \u00e0 l'Agriturismo Cornieto (environ 180 km)<\/h2>\t\t\t\t<\/div>\n\t\t\t\t<\/div>\n\t\t\t\t\t<\/div>\n\t\t\t\t<\/div>\n\t\t<div class=\"elementor-element elementor-element-5943d6b e-flex e-con-boxed e-con e-child\" data-id=\"5943d6b\" data-element_type=\"container\">\n\t\t\t\t\t<div class=\"e-con-inner\">\n\t\t<div class=\"elementor-element elementor-element-f7b07e6 e-con-full e-flex e-con e-child\" data-id=\"f7b07e6\" data-element_type=\"container\" data-settings=\"{&quot;background_background&quot;:&quot;classic&quot;}\">\n\t\t\t\t<div class=\"elementor-element elementor-element-c9668ee elementor-widget elementor-widget-spacer\" data-id=\"c9668ee\" data-element_type=\"widget\" data-widget_type=\"spacer.default\">\n\t\t\t\t<div class=\"elementor-widget-container\">\n\t\t\t\t\t\t\t<div class=\"elementor-spacer\">\n\t\t\t<div class=\"elementor-spacer-inner\"><\/div>\n\t\t<\/div>\n\t\t\t\t\t\t<\/div>\n\t\t\t\t<\/div>\n\t\t\t\t<\/div>\n\t\t<div class=\"elementor-element elementor-element-e6f4907 e-con-full e-flex e-con e-child\" data-id=\"e6f4907\" data-element_type=\"container\">\n\t\t\t\t<div class=\"elementor-element elementor-element-f6670c9 elementor-widget elementor-widget-text-editor\" data-id=\"f6670c9\" data-element_type=\"widget\" data-widget_type=\"text-editor.default\">\n\t\t\t\t<div class=\"elementor-widget-container\">\n\t\t\t\t\t\t\t\t\t<p>Apr\u00e8s avoir quitt\u00e9 l&rsquo;Agriturismo Cornieto et rejoint la route principale, tournez \u00e0 gauche et arrivez \u00e0 \u00ab FABRO SCALO \u00bb o\u00f9 vous prendrez les panneaux indiquant \u00ab CHIUSI \u00bb. Suivez la route au fond de la vall\u00e9e, toujours le long de la rivi\u00e8re \u00ab Chiani \u00bb, dans la vall\u00e9e du m\u00eame nom (ancien marais ass\u00e9ch\u00e9). Apr\u00e8s 20 km, vous atteindrez Chiusi. De l\u00e0, suivez les panneaux pour Montepulciano (patrie de Poliziano \u2013 \u00e9glise S. Biagio du XVIe si\u00e8cle, \u0153uvre d&rsquo;Antonio da San Gallo l&rsquo;Ancien) et visitez les caves o\u00f9 est produit le vin \u00ab NOBILE \u00bb de Montepulciano. Apr\u00e8s avoir parcouru environ 40 km, nous reprenons la route en suivant les panneaux pour Pienza (environ 20 km).   <\/p>\t\t\t\t\t\t\t\t<\/div>\n\t\t\t\t<\/div>\n\t\t\t\t<\/div>\n\t\t\t\t\t<\/div>\n\t\t\t\t<\/div>\n\t\t<div class=\"elementor-element elementor-element-7b57fe6 e-flex e-con-boxed e-con e-child\" data-id=\"7b57fe6\" data-element_type=\"container\">\n\t\t\t\t\t<div class=\"e-con-inner\">\n\t\t<div class=\"elementor-element elementor-element-17a3444 e-con-full e-flex e-con e-child\" data-id=\"17a3444\" data-element_type=\"container\">\n\t\t\t\t<div class=\"elementor-element elementor-element-5dbb8d2 elementor-widget elementor-widget-text-editor\" data-id=\"5dbb8d2\" data-element_type=\"widget\" data-widget_type=\"text-editor.default\">\n\t\t\t\t<div class=\"elementor-widget-container\">\n\t\t\t\t\t\t\t\t\t<p>La ville, dominant le Val d&rsquo;Orcia, est n\u00e9e en l&rsquo;honneur de Silvio Andrea Piccolomini, devenu pape Pie II. Pienza est le fruit des id\u00e9es urbanistiques de la premi\u00e8re Renaissance. Gr\u00e2ce \u00e0 Piccolomini, le village m\u00e9di\u00e9val est devenu un mod\u00e8le de ville exemplaire, conforme aux th\u00e9ories de la Renaissance humaniste. Les fromages et la charcuterie de Pienza sont r\u00e9put\u00e9s. Nous quittons la ville en direction de S. Quirico d&rsquo;Orcia o\u00f9, apr\u00e8s un court trajet sur la Cassia, nous atteignons Montalcino (25 km), derni\u00e8re \u00e9tape de notre excursion et lieu de production du \u00ab Brunello di Montalcino \u00bb.   <\/p>\t\t\t\t\t\t\t\t<\/div>\n\t\t\t\t<\/div>\n\t\t\t\t<\/div>\n\t\t<div class=\"elementor-element elementor-element-ef47aff e-con-full e-flex e-con e-child\" data-id=\"ef47aff\" data-element_type=\"container\" data-settings=\"{&quot;background_background&quot;:&quot;classic&quot;}\">\n\t\t\t\t<div class=\"elementor-element elementor-element-9ffd534 elementor-widget elementor-widget-spacer\" data-id=\"9ffd534\" data-element_type=\"widget\" data-widget_type=\"spacer.default\">\n\t\t\t\t<div class=\"elementor-widget-container\">\n\t\t\t\t\t\t\t<div class=\"elementor-spacer\">\n\t\t\t<div class=\"elementor-spacer-inner\"><\/div>\n\t\t<\/div>\n\t\t\t\t\t\t<\/div>\n\t\t\t\t<\/div>\n\t\t\t\t<\/div>\n\t\t\t\t\t<\/div>\n\t\t\t\t<\/div>\n\t\t<div class=\"elementor-element elementor-element-c80fe3d e-flex e-con-boxed e-con e-child\" data-id=\"c80fe3d\" data-element_type=\"container\">\n\t\t\t\t\t<div class=\"e-con-inner\">\n\t\t<div class=\"elementor-element elementor-element-6427e0c e-con-full e-flex e-con e-child\" data-id=\"6427e0c\" data-element_type=\"container\" data-settings=\"{&quot;background_background&quot;:&quot;classic&quot;}\">\n\t\t\t\t<div class=\"elementor-element elementor-element-3baaa2e elementor-widget elementor-widget-spacer\" data-id=\"3baaa2e\" data-element_type=\"widget\" data-widget_type=\"spacer.default\">\n\t\t\t\t<div class=\"elementor-widget-container\">\n\t\t\t\t\t\t\t<div class=\"elementor-spacer\">\n\t\t\t<div class=\"elementor-spacer-inner\"><\/div>\n\t\t<\/div>\n\t\t\t\t\t\t<\/div>\n\t\t\t\t<\/div>\n\t\t\t\t<\/div>\n\t\t<div class=\"elementor-element elementor-element-3faae1f e-con-full e-flex e-con e-child\" data-id=\"3faae1f\" data-element_type=\"container\">\n\t\t\t\t<div class=\"elementor-element elementor-element-3e6d739 elementor-widget elementor-widget-text-editor\" data-id=\"3e6d739\" data-element_type=\"widget\" data-widget_type=\"text-editor.default\">\n\t\t\t\t<div class=\"elementor-widget-container\">\n\t\t\t\t\t\t\t\t\t<p>\u00c0 noter : la Via del Corso centrale, construite selon les principes m\u00e9di\u00e9vaux, o\u00f9 apparaissent des d\u00e9tails singuliers, comme l&rsquo;escalier du citoyen ou les petites fen\u00eatres des enfants, mur\u00e9es plus tard, mais visibles \u00e0 c\u00f4t\u00e9 des grandes fen\u00eatres du n\u00b0 18. On peut \u00e9galement admirer l&rsquo;\u00e9glise Saint-Augustin, de style romano-gothique, la cath\u00e9drale et, dans les environs, la suggestive abbaye de Saint-Antimo (chants gr\u00e9goriens). Il ne reste plus qu&rsquo;\u00e0 retourner \u00e0 l&rsquo;agritourisme par le m\u00eame chemin.  <\/p>\t\t\t\t\t\t\t\t<\/div>\n\t\t\t\t<\/div>\n\t\t\t\t<\/div>\n\t\t\t\t\t<\/div>\n\t\t\t\t<\/div>\n\t\t\t\t<\/div>\n\t\t\t\t<\/div>\n\t\t","protected":false},"excerpt":{"rendered":"<p>LIEUX \u00c1 VISITER Itin\u00e9raire 1 Agriturismo Cornieto \u2013 Montepulciano \u2013 Pienza \u2013 Montalcino \u2013 et retour \u00e0 l&rsquo;Agriturismo Cornieto (environ 180 km) Apr\u00e8s avoir quitt\u00e9 l&rsquo;Agriturismo Cornieto et rejoint la route principale, tournez \u00e0 gauche et arrivez \u00e0 \u00ab FABRO SCALO \u00bb o\u00f9 vous prendrez les panneaux indiquant \u00ab CHIUSI \u00bb. Suivez la route au [&hellip;]<\/p>\n","protected":false},"author":1,"featured_media":0,"parent":15520,"menu_order":0,"comment_status":"closed","ping_status":"closed","template":"","meta":{"_acf_changed":false,"_joinchat":[],"footnotes":""},"class_list":["post-15521","page","type-page","status-publish","hentry"],"acf":[],"yoast_head":"<!-- This site is optimized with the Yoast SEO plugin v25.3.1 - https:\/\/yoast.com\/wordpress\/plugins\/seo\/ -->\n<title>Itin\u00e9raire 1 - Agriturismo Biologico Cornieto<\/title>\n<meta name=\"description\" content=\"Agriturismo &quot;Cornieto&quot;: un&#039;oasi di quiete, silenzio e relax, immersa nelle campagne di Monteleone d&#039;Orvieto, un&#039;intera collina tra l&#039;Umbria e la Toscana.\" \/>\n<meta name=\"robots\" content=\"index, follow, max-snippet:-1, max-image-preview:large, max-video-preview:-1\" \/>\n<link rel=\"canonical\" href=\"https:\/\/demosite10.dominimarketing01.it\/dintorni\/itinerario-1\/\" \/>\n<meta property=\"og:locale\" content=\"fr_FR\" \/>\n<meta property=\"og:type\" content=\"article\" \/>\n<meta property=\"og:title\" content=\"Itin\u00e9raire 1 - Agriturismo Biologico Cornieto\" \/>\n<meta property=\"og:description\" content=\"Agriturismo &quot;Cornieto&quot;: un&#039;oasi di quiete, silenzio e relax, immersa nelle campagne di Monteleone d&#039;Orvieto, un&#039;intera collina tra l&#039;Umbria e la Toscana.\" \/>\n<meta property=\"og:url\" content=\"https:\/\/demosite10.dominimarketing01.it\/dintorni\/itinerario-1\/\" \/>\n<meta property=\"og:site_name\" content=\"Agriturismo Biologico Cornieto\" \/>\n<meta property=\"article:modified_time\" content=\"2025-06-18T15:41:17+00:00\" \/>\n<meta name=\"twitter:card\" content=\"summary_large_image\" \/>\n<meta name=\"twitter:label1\" content=\"Dur\u00e9e de lecture estim\u00e9e\" \/>\n\t<meta name=\"twitter:data1\" content=\"2 minutes\" \/>\n<script type=\"application\/ld+json\" class=\"yoast-schema-graph\">{\"@context\":\"https:\/\/schema.org\",\"@graph\":[{\"@type\":\"WebPage\",\"@id\":\"https:\/\/demosite10.dominimarketing01.it\/dintorni\/itinerario-1\/\",\"url\":\"https:\/\/demosite10.dominimarketing01.it\/dintorni\/itinerario-1\/\",\"name\":\"Itin\u00e9raire 1 - Agriturismo Biologico Cornieto\",\"isPartOf\":{\"@id\":\"https:\/\/demosite10.dominimarketing01.it\/#website\"},\"datePublished\":\"2014-01-23T12:06:08+00:00\",\"dateModified\":\"2025-06-18T15:41:17+00:00\",\"description\":\"Agriturismo \\\"Cornieto\\\": un'oasi di quiete, silenzio e relax, immersa nelle campagne di Monteleone d'Orvieto, un'intera collina tra l'Umbria e la Toscana.\",\"breadcrumb\":{\"@id\":\"https:\/\/demosite10.dominimarketing01.it\/dintorni\/itinerario-1\/#breadcrumb\"},\"inLanguage\":\"fr-FR\",\"potentialAction\":[{\"@type\":\"ReadAction\",\"target\":[\"https:\/\/demosite10.dominimarketing01.it\/dintorni\/itinerario-1\/\"]}]},{\"@type\":\"BreadcrumbList\",\"@id\":\"https:\/\/demosite10.dominimarketing01.it\/dintorni\/itinerario-1\/#breadcrumb\",\"itemListElement\":[{\"@type\":\"ListItem\",\"position\":1,\"name\":\"Home\",\"item\":\"https:\/\/demosite10.dominimarketing01.it\/\"},{\"@type\":\"ListItem\",\"position\":2,\"name\":\"ALENTOURS\",\"item\":\"https:\/\/demosite10.dominimarketing01.it\/dintorni\/\"},{\"@type\":\"ListItem\",\"position\":3,\"name\":\"Itin\u00e9raire 1\"}]},{\"@type\":\"WebSite\",\"@id\":\"https:\/\/demosite10.dominimarketing01.it\/#website\",\"url\":\"https:\/\/demosite10.dominimarketing01.it\/\",\"name\":\"Agriturismo Biologico Cornieto\",\"description\":\"Agriturismo a Orvieto\",\"publisher\":{\"@id\":\"https:\/\/demosite10.dominimarketing01.it\/#organization\"},\"potentialAction\":[{\"@type\":\"SearchAction\",\"target\":{\"@type\":\"EntryPoint\",\"urlTemplate\":\"https:\/\/demosite10.dominimarketing01.it\/?s={search_term_string}\"},\"query-input\":{\"@type\":\"PropertyValueSpecification\",\"valueRequired\":true,\"valueName\":\"search_term_string\"}}],\"inLanguage\":\"fr-FR\"},{\"@type\":\"Organization\",\"@id\":\"https:\/\/demosite10.dominimarketing01.it\/#organization\",\"name\":\"Agriturismo Biologico Cornieto\",\"url\":\"https:\/\/demosite10.dominimarketing01.it\/\",\"logo\":{\"@type\":\"ImageObject\",\"inLanguage\":\"fr-FR\",\"@id\":\"https:\/\/demosite10.dominimarketing01.it\/#\/schema\/logo\/image\/\",\"url\":\"https:\/\/demosite10.dominimarketing01.it\/wp-content\/uploads\/2025\/03\/logocornietobianco-2.png\",\"contentUrl\":\"https:\/\/demosite10.dominimarketing01.it\/wp-content\/uploads\/2025\/03\/logocornietobianco-2.png\",\"width\":1411,\"height\":496,\"caption\":\"Agriturismo Biologico Cornieto\"},\"image\":{\"@id\":\"https:\/\/demosite10.dominimarketing01.it\/#\/schema\/logo\/image\/\"}}]}<\/script>\n<!-- \/ Yoast SEO plugin. -->","yoast_head_json":{"title":"Itin\u00e9raire 1 - Agriturismo Biologico Cornieto","description":"Agriturismo \"Cornieto\": un'oasi di quiete, silenzio e relax, immersa nelle campagne di Monteleone d'Orvieto, un'intera collina tra l'Umbria e la Toscana.","robots":{"index":"index","follow":"follow","max-snippet":"max-snippet:-1","max-image-preview":"max-image-preview:large","max-video-preview":"max-video-preview:-1"},"canonical":"https:\/\/demosite10.dominimarketing01.it\/dintorni\/itinerario-1\/","og_locale":"fr_FR","og_type":"article","og_title":"Itin\u00e9raire 1 - Agriturismo Biologico Cornieto","og_description":"Agriturismo \"Cornieto\": un'oasi di quiete, silenzio e relax, immersa nelle campagne di Monteleone d'Orvieto, un'intera collina tra l'Umbria e la Toscana.","og_url":"https:\/\/demosite10.dominimarketing01.it\/dintorni\/itinerario-1\/","og_site_name":"Agriturismo Biologico Cornieto","article_modified_time":"2025-06-18T15:41:17+00:00","twitter_card":"summary_large_image","twitter_misc":{"Dur\u00e9e de lecture estim\u00e9e":"2 minutes"},"schema":{"@context":"https:\/\/schema.org","@graph":[{"@type":"WebPage","@id":"https:\/\/demosite10.dominimarketing01.it\/dintorni\/itinerario-1\/","url":"https:\/\/demosite10.dominimarketing01.it\/dintorni\/itinerario-1\/","name":"Itin\u00e9raire 1 - Agriturismo Biologico Cornieto","isPartOf":{"@id":"https:\/\/demosite10.dominimarketing01.it\/#website"},"datePublished":"2014-01-23T12:06:08+00:00","dateModified":"2025-06-18T15:41:17+00:00","description":"Agriturismo \"Cornieto\": un'oasi di quiete, silenzio e relax, immersa nelle campagne di Monteleone d'Orvieto, un'intera collina tra l'Umbria e la Toscana.","breadcrumb":{"@id":"https:\/\/demosite10.dominimarketing01.it\/dintorni\/itinerario-1\/#breadcrumb"},"inLanguage":"fr-FR","potentialAction":[{"@type":"ReadAction","target":["https:\/\/demosite10.dominimarketing01.it\/dintorni\/itinerario-1\/"]}]},{"@type":"BreadcrumbList","@id":"https:\/\/demosite10.dominimarketing01.it\/dintorni\/itinerario-1\/#breadcrumb","itemListElement":[{"@type":"ListItem","position":1,"name":"Home","item":"https:\/\/demosite10.dominimarketing01.it\/"},{"@type":"ListItem","position":2,"name":"ALENTOURS","item":"https:\/\/demosite10.dominimarketing01.it\/dintorni\/"},{"@type":"ListItem","position":3,"name":"Itin\u00e9raire 1"}]},{"@type":"WebSite","@id":"https:\/\/demosite10.dominimarketing01.it\/#website","url":"https:\/\/demosite10.dominimarketing01.it\/","name":"Agriturismo Biologico Cornieto","description":"Agriturismo a Orvieto","publisher":{"@id":"https:\/\/demosite10.dominimarketing01.it\/#organization"},"potentialAction":[{"@type":"SearchAction","target":{"@type":"EntryPoint","urlTemplate":"https:\/\/demosite10.dominimarketing01.it\/?s={search_term_string}"},"query-input":{"@type":"PropertyValueSpecification","valueRequired":true,"valueName":"search_term_string"}}],"inLanguage":"fr-FR"},{"@type":"Organization","@id":"https:\/\/demosite10.dominimarketing01.it\/#organization","name":"Agriturismo Biologico Cornieto","url":"https:\/\/demosite10.dominimarketing01.it\/","logo":{"@type":"ImageObject","inLanguage":"fr-FR","@id":"https:\/\/demosite10.dominimarketing01.it\/#\/schema\/logo\/image\/","url":"https:\/\/demosite10.dominimarketing01.it\/wp-content\/uploads\/2025\/03\/logocornietobianco-2.png","contentUrl":"https:\/\/demosite10.dominimarketing01.it\/wp-content\/uploads\/2025\/03\/logocornietobianco-2.png","width":1411,"height":496,"caption":"Agriturismo Biologico Cornieto"},"image":{"@id":"https:\/\/demosite10.dominimarketing01.it\/#\/schema\/logo\/image\/"}}]}},"_links":{"self":[{"href":"https:\/\/demosite10.dominimarketing01.it\/fr\/wp-json\/wp\/v2\/pages\/15521","targetHints":{"allow":["GET"]}}],"collection":[{"href":"https:\/\/demosite10.dominimarketing01.it\/fr\/wp-json\/wp\/v2\/pages"}],"about":[{"href":"https:\/\/demosite10.dominimarketing01.it\/fr\/wp-json\/wp\/v2\/types\/page"}],"author":[{"embeddable":true,"href":"https:\/\/demosite10.dominimarketing01.it\/fr\/wp-json\/wp\/v2\/users\/1"}],"replies":[{"embeddable":true,"href":"https:\/\/demosite10.dominimarketing01.it\/fr\/wp-json\/wp\/v2\/comments?post=15521"}],"version-history":[{"count":1,"href":"https:\/\/demosite10.dominimarketing01.it\/fr\/wp-json\/wp\/v2\/pages\/15521\/revisions"}],"predecessor-version":[{"id":15522,"href":"https:\/\/demosite10.dominimarketing01.it\/fr\/wp-json\/wp\/v2\/pages\/15521\/revisions\/15522"}],"up":[{"embeddable":true,"href":"https:\/\/demosite10.dominimarketing01.it\/fr\/wp-json\/wp\/v2\/pages\/15520"}],"wp:attachment":[{"href":"https:\/\/demosite10.dominimarketing01.it\/fr\/wp-json\/wp\/v2\/media?parent=15521"}],"curies":[{"name":"wp","href":"https:\/\/api.w.org\/{rel}","templated":true}]}}